{"id":322,"date":"2022-03-22T12:04:41","date_gmt":"2022-03-22T11:04:41","guid":{"rendered":"https:\/\/www.ist2000.com\/?page_id=322"},"modified":"2023-08-09T10:29:54","modified_gmt":"2023-08-09T08:29:54","slug":"riciclati-e-plastica","status":"publish","type":"page","link":"https:\/\/www.ist2000.com\/fr\/riciclati-e-plastica\/","title":{"rendered":"Recycl\u00e9 et plastique"},"content":{"rendered":"<div id=\"fws_69f623248f0bf\"  data-column-margin=\"default\" data-midnight=\"dark\" data-top-percent=\"2%\" data-bottom-percent=\"2%\"  class=\"wpb_row vc_row-fluid vc_row full-width-content vc_row-o-equal-height vc_row-flex vc_row-o-content-middle\"  style=\"padding-top: calc(100vw * 0.02); padding-bottom: calc(100vw * 0.02); \"><div class=\"row-bg-wrap\" data-bg-animation=\"none\" data-bg-animation-delay=\"\" data-bg-overlay=\"false\"><div class=\"inner-wrap row-bg-layer\" ><div class=\"row-bg viewport-desktop\"  style=\"\"><\/div><\/div><\/div><div class=\"row_col_wrap_12 col span_12 dark left\">\n\t<div  class=\"vc_col-sm-6 wpb_column column_container vc_column_container col padding-5-percent inherit_tablet inherit_phone\"  data-padding-pos=\"all\" data-has-bg-color=\"false\" data-bg-color=\"\" data-bg-opacity=\"1\" data-animation=\"\" data-delay=\"0\" >\n\t\t<div class=\"vc_column-inner\" >\n\t\t\t<div class=\"wpb_wrapper\">\n\t\t\t\t<div id=\"fws_69f623248f9aa\" data-midnight=\"\" data-column-margin=\"default\" class=\"wpb_row vc_row-fluid vc_row inner_row\"  style=\"\"><div class=\"row-bg-wrap\"> <div class=\"row-bg\" ><\/div> <\/div><div class=\"row_col_wrap_12_inner col span_12  left\">\n\t<div  class=\"vc_col-sm-12 wpb_column column_container vc_column_container col child_column padding-2-percent inherit_tablet inherit_phone\"   data-padding-pos=\"all\" data-has-bg-color=\"false\" data-bg-color=\"\" data-bg-opacity=\"1\" data-animation=\"\" data-delay=\"0\" >\n\t\t<div class=\"vc_column-inner\" >\n\t\t<div class=\"wpb_wrapper\">\n\t\t\t<h3 style=\"color: #00787f;text-align: left\" class=\"vc_custom_heading vc_do_custom_heading\" >Recycl\u00e9 et plastique<\/h3>\n<div class=\"wpb_text_column wpb_content_element\" >\n\t<div class=\"wpb_wrapper\">\n\t\t<p><em><strong><br \/>\nS\u00e9lection de flocons de PET<br \/>\n<\/strong><\/em><br \/>\nLes s\u00e9lecteurs de s\u00e9ries <strong>Infinity Plus<\/strong> ils sont capables d&#039;identifier et de s\u00e9parer les flocons color\u00e9s et multicouches des flocons naturels ou transparents. Ils s\u00e9parent \u00e9galement les \u00e9ventuelles traces de bois et de caoutchouc pr\u00e9sentes dans le produit.<br \/>\nGr\u00e2ce \u00e0 <strong>technologie multispectrale<\/strong>, qui utilise la couleur avec le Nir de mani\u00e8re combin\u00e9e, permet d&#039;\u00e9liminer les traces de polym\u00e8res autres que le PET, comme le PVC.<\/p>\n\t<\/div>\n<\/div>\n\n\n\n\n\t\t<\/div> \n\t<\/div>\n\t<\/div> \n<\/div><\/div><div id=\"fws_69f623249055e\" data-midnight=\"\" data-column-margin=\"default\" class=\"wpb_row vc_row-fluid vc_row inner_row\"  style=\"\"><div class=\"row-bg-wrap\"> <div class=\"row-bg\" ><\/div> <\/div><div class=\"row_col_wrap_12_inner col span_12  left\">\n\t<div  class=\"vc_col-sm-6 wpb_column column_container vc_column_container col child_column padding-2-percent inherit_tablet inherit_phone\"   data-padding-pos=\"all\" data-has-bg-color=\"false\" data-bg-color=\"\" data-bg-opacity=\"1\" data-animation=\"\" data-delay=\"0\" >\n\t\t<div class=\"vc_column-inner\" >\n\t\t<div class=\"wpb_wrapper\">\n\t\t\t<div class=\"img-with-aniamtion-wrap center\" data-max-width=\"100%\" data-max-width-mobile=\"default\" data-shadow=\"none\" data-animation=\"fade-in\" >\n      <div class=\"inner\">\n        <div class=\"hover-wrap\"> \n          <div class=\"hover-wrap-inner\">\n            <a href=\"https:\/\/www.ist2000.com\/wp-content\/uploads\/2023\/08\/prezero-buono-1-1.png\" class=\"pp center\">\n              <img loading=\"lazy\" decoding=\"async\" class=\"img-with-animation skip-lazy\" data-delay=\"0\" height=\"600\" width=\"800\" data-animation=\"fade-in\" src=\"https:\/\/www.ist2000.com\/wp-content\/uploads\/2023\/08\/prezero-buono-1-1.png\" alt=\"\" srcset=\"https:\/\/www.ist2000.com\/wp-content\/uploads\/2023\/08\/prezero-buono-1-1.png 800w, https:\/\/www.ist2000.com\/wp-content\/uploads\/2023\/08\/prezero-buono-1-1-300x225.png 300w, https:\/\/www.ist2000.com\/wp-content\/uploads\/2023\/08\/prezero-buono-1-1-768x576.png 768w, https:\/\/www.ist2000.com\/wp-content\/uploads\/2023\/08\/prezero-buono-1-1-16x12.png 16w\" sizes=\"auto, (max-width: 800px) 100vw, 800px\" \/>\n            <\/a>\n          <\/div>\n        <\/div>\n      <\/div>\n      <\/div><div class=\"divider-wrap\" data-alignment=\"default\"><div style=\"height: 15px;\" class=\"divider\"><\/div><\/div>\n<div class=\"wpb_text_column wpb_content_element\" >\n\t<div class=\"wpb_wrapper\">\n\t\t<h4 style=\"text-align: center;\">PET s\u00e9lectionn\u00e9<\/h4>\n\t<\/div>\n<\/div>\n\n\n\n\n\t\t<\/div> \n\t<\/div>\n\t<\/div> \n\n\t<div  class=\"vc_col-sm-6 wpb_column column_container vc_column_container col child_column padding-2-percent inherit_tablet inherit_phone\"   data-padding-pos=\"all\" data-has-bg-color=\"false\" data-bg-color=\"\" data-bg-opacity=\"1\" data-animation=\"\" data-delay=\"0\" >\n\t\t<div class=\"vc_column-inner\" >\n\t\t<div class=\"wpb_wrapper\">\n\t\t\t<div class=\"img-with-aniamtion-wrap center\" data-max-width=\"100%\" data-max-width-mobile=\"default\" data-shadow=\"none\" data-animation=\"fade-in\" >\n      <div class=\"inner\">\n        <div class=\"hover-wrap\"> \n          <div class=\"hover-wrap-inner\">\n            <a href=\"https:\/\/www.ist2000.com\/wp-content\/uploads\/2023\/08\/prezero-scarto-1.png\" class=\"pp center\">\n              <img loading=\"lazy\" decoding=\"async\" class=\"img-with-animation skip-lazy\" data-delay=\"0\" height=\"651\" width=\"868\" data-animation=\"fade-in\" src=\"https:\/\/www.ist2000.com\/wp-content\/uploads\/2023\/08\/prezero-scarto-1.png\" alt=\"\" srcset=\"https:\/\/www.ist2000.com\/wp-content\/uploads\/2023\/08\/prezero-scarto-1.png 868w, https:\/\/www.ist2000.com\/wp-content\/uploads\/2023\/08\/prezero-scarto-1-300x225.png 300w, https:\/\/www.ist2000.com\/wp-content\/uploads\/2023\/08\/prezero-scarto-1-768x576.png 768w, https:\/\/www.ist2000.com\/wp-content\/uploads\/2023\/08\/prezero-scarto-1-16x12.png 16w\" sizes=\"auto, (max-width: 868px) 100vw, 868px\" \/>\n            <\/a>\n          <\/div>\n        <\/div>\n      <\/div>\n      <\/div><div class=\"divider-wrap\" data-alignment=\"default\"><div style=\"height: 15px;\" class=\"divider\"><\/div><\/div>\n<div class=\"wpb_text_column wpb_content_element\" >\n\t<div class=\"wpb_wrapper\">\n\t\t<h4 style=\"text-align: center;\">D\u00e9chets de PET<\/h4>\n\t<\/div>\n<\/div>\n\n\n\n\n\t\t<\/div> \n\t<\/div>\n\t<\/div> \n<\/div><\/div><div id=\"fws_69f6232491e59\" data-midnight=\"\" data-column-margin=\"default\" class=\"wpb_row vc_row-fluid vc_row inner_row\"  style=\"\"><div class=\"row-bg-wrap\"> <div class=\"row-bg\" ><\/div> <\/div><div class=\"row_col_wrap_12_inner col span_12  left\">\n\t<div  class=\"vc_col-sm-12 wpb_column column_container vc_column_container col child_column padding-2-percent inherit_tablet inherit_phone\"   data-padding-pos=\"all\" data-has-bg-color=\"false\" data-bg-color=\"\" data-bg-opacity=\"1\" data-animation=\"\" data-delay=\"0\" >\n\t\t<div class=\"vc_column-inner\" >\n\t\t<div class=\"wpb_wrapper\">\n\t\t\t<h3 style=\"color: #00787f;text-align: left\" class=\"vc_custom_heading vc_do_custom_heading\" ><\/h3>\n<div class=\"wpb_text_column wpb_content_element\" >\n\t<div class=\"wpb_wrapper\">\n\t\t<p><em><strong>S\u00e9lection de flocons de PVC<br \/>\n<\/strong><\/em><br \/>\nLes s\u00e9lecteurs de s\u00e9ries <strong>Infini plus<\/strong> ils peuvent s\u00e9parer les flocons de PVC des d\u00e9chets de production de profil\u00e9s et de fen\u00eatres par couleur, en particulier ils peuvent s\u00e9parer le blanc du noir et diverses nuances de brun. Mod\u00e8les \u00e9quip\u00e9s de <strong>syst\u00e8me multispectral<\/strong> ils sont \u00e9galement capables de s\u00e9parer le caoutchouc ou le tuyau du reste du mat\u00e9riau.<\/p>\n\t<\/div>\n<\/div>\n\n\n\n\n\t\t<\/div> \n\t<\/div>\n\t<\/div> \n<\/div><\/div><div id=\"fws_69f623249252f\" data-midnight=\"\" data-column-margin=\"default\" class=\"wpb_row vc_row-fluid vc_row inner_row\"  style=\"\"><div class=\"row-bg-wrap\"> <div class=\"row-bg\" ><\/div> <\/div><div class=\"row_col_wrap_12_inner col span_12  left\">\n\t<div  class=\"vc_col-sm-6 wpb_column column_container vc_column_container col child_column padding-2-percent inherit_tablet inherit_phone\"   data-padding-pos=\"all\" data-has-bg-color=\"false\" data-bg-color=\"\" data-bg-opacity=\"1\" data-animation=\"\" data-delay=\"0\" >\n\t\t<div class=\"vc_column-inner\" >\n\t\t<div class=\"wpb_wrapper\">\n\t\t\t<div class=\"img-with-aniamtion-wrap center\" data-max-width=\"100%\" data-max-width-mobile=\"default\" data-shadow=\"none\" data-animation=\"fade-in\" >\n      <div class=\"inner\">\n        <div class=\"hover-wrap\"> \n          <div class=\"hover-wrap-inner\">\n            <a href=\"https:\/\/www.ist2000.com\/wp-content\/uploads\/2023\/08\/GBLANCO-ACEPTADO-FINAL.jpeg\" class=\"pp center\">\n              <img loading=\"lazy\" decoding=\"async\" class=\"img-with-animation skip-lazy\" data-delay=\"0\" height=\"1045\" width=\"1393\" data-animation=\"fade-in\" src=\"https:\/\/www.ist2000.com\/wp-content\/uploads\/2023\/08\/GBLANCO-ACEPTADO-FINAL.jpeg\" alt=\"\" srcset=\"https:\/\/www.ist2000.com\/wp-content\/uploads\/2023\/08\/GBLANCO-ACEPTADO-FINAL.jpeg 1393w, https:\/\/www.ist2000.com\/wp-content\/uploads\/2023\/08\/GBLANCO-ACEPTADO-FINAL-300x225.jpeg 300w, https:\/\/www.ist2000.com\/wp-content\/uploads\/2023\/08\/GBLANCO-ACEPTADO-FINAL-1024x768.jpeg 1024w, https:\/\/www.ist2000.com\/wp-content\/uploads\/2023\/08\/GBLANCO-ACEPTADO-FINAL-768x576.jpeg 768w, https:\/\/www.ist2000.com\/wp-content\/uploads\/2023\/08\/GBLANCO-ACEPTADO-FINAL-16x12.jpeg 16w\" sizes=\"auto, (max-width: 1393px) 100vw, 1393px\" \/>\n            <\/a>\n          <\/div>\n        <\/div>\n      <\/div>\n      <\/div><div class=\"divider-wrap\" data-alignment=\"default\"><div style=\"height: 15px;\" class=\"divider\"><\/div><\/div>\n<div class=\"wpb_text_column wpb_content_element\" >\n\t<div class=\"wpb_wrapper\">\n\t\t<h4 style=\"text-align: center;\">PVC s\u00e9lectionn\u00e9<\/h4>\n\t<\/div>\n<\/div>\n\n\n\n\n\t\t<\/div> \n\t<\/div>\n\t<\/div> \n\n\t<div  class=\"vc_col-sm-6 wpb_column column_container vc_column_container col child_column padding-2-percent inherit_tablet inherit_phone\"   data-padding-pos=\"all\" data-has-bg-color=\"false\" data-bg-color=\"\" data-bg-opacity=\"1\" data-animation=\"\" data-delay=\"0\" >\n\t\t<div class=\"vc_column-inner\" >\n\t\t<div class=\"wpb_wrapper\">\n\t\t\t<div class=\"img-with-aniamtion-wrap center\" data-max-width=\"100%\" data-max-width-mobile=\"default\" data-shadow=\"none\" data-animation=\"fade-in\" >\n      <div class=\"inner\">\n        <div class=\"hover-wrap\"> \n          <div class=\"hover-wrap-inner\">\n            <a href=\"https:\/\/www.ist2000.com\/wp-content\/uploads\/2023\/08\/B-RECHAZO-PRIMERA-PASADA.jpeg\" class=\"pp center\">\n              <img loading=\"lazy\" decoding=\"async\" class=\"img-with-animation skip-lazy\" data-delay=\"0\" height=\"998\" width=\"1331\" data-animation=\"fade-in\" src=\"https:\/\/www.ist2000.com\/wp-content\/uploads\/2023\/08\/B-RECHAZO-PRIMERA-PASADA.jpeg\" alt=\"\" srcset=\"https:\/\/www.ist2000.com\/wp-content\/uploads\/2023\/08\/B-RECHAZO-PRIMERA-PASADA.jpeg 1331w, https:\/\/www.ist2000.com\/wp-content\/uploads\/2023\/08\/B-RECHAZO-PRIMERA-PASADA-300x225.jpeg 300w, https:\/\/www.ist2000.com\/wp-content\/uploads\/2023\/08\/B-RECHAZO-PRIMERA-PASADA-1024x768.jpeg 1024w, https:\/\/www.ist2000.com\/wp-content\/uploads\/2023\/08\/B-RECHAZO-PRIMERA-PASADA-768x576.jpeg 768w, https:\/\/www.ist2000.com\/wp-content\/uploads\/2023\/08\/B-RECHAZO-PRIMERA-PASADA-16x12.jpeg 16w\" sizes=\"auto, (max-width: 1331px) 100vw, 1331px\" \/>\n            <\/a>\n          <\/div>\n        <\/div>\n      <\/div>\n      <\/div><div class=\"divider-wrap\" data-alignment=\"default\"><div style=\"height: 15px;\" class=\"divider\"><\/div><\/div>\n<div class=\"wpb_text_column wpb_content_element\" >\n\t<div class=\"wpb_wrapper\">\n\t\t<h4 style=\"text-align: center;\">D\u00e9chets de PVC<\/h4>\n\t<\/div>\n<\/div>\n\n\n\n\n\t\t<\/div> \n\t<\/div>\n\t<\/div> \n<\/div><\/div>\n\t\t\t<\/div> \n\t\t<\/div>\n\t<\/div> \n\n\t<div  class=\"vc_col-sm-6 wpb_column column_container vc_column_container col padding-3-percent inherit_tablet inherit_phone\"  data-padding-pos=\"all\" data-has-bg-color=\"false\" data-bg-color=\"\" data-bg-opacity=\"1\" data-animation=\"\" data-delay=\"0\" >\n\t\t<div class=\"vc_column-inner\" >\n\t\t\t<div class=\"wpb_wrapper\">\n\t\t\t\t\n\t<div class=\"wpb_video_widget wpb_content_element vc_clearfix   vc_video-aspect-ratio-169 vc_video-el-width-100 vc_video-align-center\" >\n\t\t<div class=\"wpb_wrapper\">\n\t\t\t\n\t\t\t<div class=\"wpb_video_wrapper\"><div class=\"BorlabsCookie _brlbs-cb-youtube\"><div class=\"_brlbs-content-blocker\"> <div class=\"_brlbs-embed _brlbs-video-youtube\"> <img decoding=\"async\" class=\"_brlbs-thumbnail\" src=\"https:\/\/www.ist2000.com\/wp-content\/plugins\/borlabs-cookie\/assets\/images\/cb-no-thumbnail.png\" alt=\"YouTube\"> <div class=\"_brlbs-caption\"> <p>En t\u00e9l\u00e9chargeant la vid\u00e9o, vous acceptez la politique de confidentialit\u00e9 de YouTube.<br><a href=\"https:\/\/policies.google.com\/privacy?hl=en&amp;gl=en\" target=\"_blank\" rel=\"nofollow noopener noreferrer\">En savoir plus<\/a><\/p> <p><a class=\"_brlbs-btn _brlbs-icon-play-white\" href=\"#\" data-borlabs-cookie-unblock role=\"button\">T\u00e9l\u00e9charger la vid\u00e9o<\/a><\/p> <p><label><input type=\"checkbox\" name=\"unblockAll\" value=\"1\" checked> <small>Toujours d\u00e9bloquer YouTube<\/small><\/label><\/p> <\/div> <\/div> <\/div><div class=\"borlabs-hide\" data-borlabs-cookie-type=\"content-blocker\" data-borlabs-cookie-id=\"youtube\"><script type=\"text\/template\">PGlmcmFtZSB0aXRsZT0iU2VsZXppb25lIFBMQVNUSUNBIGNvbiBJTkZJTklUWSBQTFVTIGJ5IElTVCIgd2lkdGg9IjUwMCIgaGVpZ2h0PSIyODEiIHNyYz0iaHR0cHM6Ly93d3cueW91dHViZS1ub2Nvb2tpZS5jb20vZW1iZWQvT3hEVjhnYi1maHc\/ZmVhdHVyZT1vZW1iZWQiIGZyYW1lYm9yZGVyPSIwIiBhbGxvdz0iYWNjZWxlcm9tZXRlcjsgYXV0b3BsYXk7IGNsaXBib2FyZC13cml0ZTsgZW5jcnlwdGVkLW1lZGlhOyBneXJvc2NvcGU7IHBpY3R1cmUtaW4tcGljdHVyZTsgd2ViLXNoYXJlIiByZWZlcnJlcnBvbGljeT0ic3RyaWN0LW9yaWdpbi13aGVuLWNyb3NzLW9yaWdpbiIgYWxsb3dmdWxsc2NyZWVuPjwvaWZyYW1lPg==<\/script><\/div><\/div><\/div>\n\t\t<\/div>\n\t<\/div>\n\n\t\t\t<\/div> \n\t\t<\/div>\n\t<\/div> \n<\/div><\/div>","protected":false},"excerpt":{"rendered":"Tri des flocons de PET recycl\u00e9s et plastiques Les trieurs de la s\u00e9rie Infinity Plus sont capables d&#039;identifier et de s\u00e9parer les flocons color\u00e9s et multicouches des flocons naturels ou...","protected":false},"author":3,"featured_media":0,"parent":0,"menu_order":0,"comment_status":"closed","ping_status":"closed","template":"","meta":{"footnotes":""},"class_list":["post-322","page","type-page","status-publish"],"_links":{"self":[{"href":"https:\/\/www.ist2000.com\/fr\/wp-json\/wp\/v2\/pages\/322","targetHints":{"allow":["GET"]}}],"collection":[{"href":"https:\/\/www.ist2000.com\/fr\/wp-json\/wp\/v2\/pages"}],"about":[{"href":"https:\/\/www.ist2000.com\/fr\/wp-json\/wp\/v2\/types\/page"}],"author":[{"embeddable":true,"href":"https:\/\/www.ist2000.com\/fr\/wp-json\/wp\/v2\/users\/3"}],"replies":[{"embeddable":true,"href":"https:\/\/www.ist2000.com\/fr\/wp-json\/wp\/v2\/comments?post=322"}],"version-history":[{"count":15,"href":"https:\/\/www.ist2000.com\/fr\/wp-json\/wp\/v2\/pages\/322\/revisions"}],"predecessor-version":[{"id":807,"href":"https:\/\/www.ist2000.com\/fr\/wp-json\/wp\/v2\/pages\/322\/revisions\/807"}],"wp:attachment":[{"href":"https:\/\/www.ist2000.com\/fr\/wp-json\/wp\/v2\/media?parent=322"}],"curies":[{"name":"wp","href":"https:\/\/api.w.org\/{rel}","templated":true}]}}