{"id":24,"date":"2021-09-23T08:37:49","date_gmt":"2021-09-23T06:37:49","guid":{"rendered":"https:\/\/www.ist2000.com\/?page_id=24"},"modified":"2025-05-08T09:19:52","modified_gmt":"2025-05-08T07:19:52","slug":"azienda","status":"publish","type":"page","link":"https:\/\/www.ist2000.com\/fr\/azienda\/","title":{"rendered":"Qui sommes-nous"},"content":{"rendered":"<div id=\"fws_69f22200afd6a\"  data-column-margin=\"default\" data-midnight=\"dark\"  class=\"wpb_row vc_row-fluid vc_row full-width-content vc_row-o-equal-height vc_row-flex vc_row-o-content-middle\"  style=\"padding-top: 0px; padding-bottom: 0px; \"><div class=\"row-bg-wrap\" data-bg-animation=\"none\" data-bg-animation-delay=\"\" data-bg-overlay=\"false\"><div class=\"inner-wrap row-bg-layer\" ><div class=\"row-bg viewport-desktop using-bg-color\"  style=\"background-color: #ffffff; \"><\/div><\/div><\/div><div class=\"row_col_wrap_12 col span_12 dark left\">\n\t<div  class=\"vc_col-sm-6 wpb_column column_container vc_column_container col padding-5-percent inherit_tablet inherit_phone\"  data-padding-pos=\"all\" data-has-bg-color=\"false\" data-bg-color=\"\" data-bg-opacity=\"1\" data-animation=\"\" data-delay=\"0\" >\n\t\t<div class=\"vc_column-inner\" >\n\t\t\t<div class=\"wpb_wrapper\">\n\t\t\t\t<div id=\"fws_69f22200b061e\" data-midnight=\"\" data-column-margin=\"default\" class=\"wpb_row vc_row-fluid vc_row inner_row\"  style=\"\"><div class=\"row-bg-wrap\"> <div class=\"row-bg\" ><\/div> <\/div><div class=\"row_col_wrap_12_inner col span_12  left\">\n\t<div  class=\"vc_col-sm-12 wpb_column column_container vc_column_container col child_column has-animation no-extra-padding inherit_tablet inherit_phone\"   data-padding-pos=\"all\" data-has-bg-color=\"false\" data-bg-color=\"\" data-bg-opacity=\"1\" data-animation=\"fade-in-from-bottom\" data-delay=\"0\" >\n\t\t<div class=\"vc_column-inner\" >\n\t\t<div class=\"wpb_wrapper\">\n\t\t\t<h5 style=\"color: #00787f;text-align: left\" class=\"vc_custom_heading vc_do_custom_heading\" >Qui sommes-nous<\/h5><h2 style=\"text-align: left\" class=\"vc_custom_heading vc_do_custom_heading\" >L&#039;entreprise<\/h2>\n<div class=\"wpb_text_column wpb_content_element  vc_custom_1705999378425\" >\n\t<div class=\"wpb_wrapper\">\n\t\t<p><strong>Technologies de tri italiennes IST <\/strong>est une fi\u00e8re entreprise du Made in Italy qui con\u00e7oit et construit <strong>MACHINES DE TRI OPTIQUES \u00c9LECTRONIQUES<\/strong> de derni\u00e8re g\u00e9n\u00e9ration pour le tri et la s\u00e9lection de tout type de produits secs et granul\u00e9s tels que les c\u00e9r\u00e9ales, les l\u00e9gumineuses, les graines, les fruits secs, les fruits d\u00e9shydrat\u00e9s, les ch\u00e2taignes, les min\u00e9raux, ainsi que les mat\u00e9riaux recyclables tels que les flocons et granul\u00e9s de plastique, les m\u00e9taux, etc.<\/p>\n<p>IST propose une large gamme de mod\u00e8les, chacun \u00e9tant sp\u00e9cifiquement con\u00e7u en fonction des caract\u00e9ristiques du produit \u00e0 s\u00e9lectionner. Chaque aspect de la conception des trieurs, tant du point de vue m\u00e9canique que logiciel, est r\u00e9alis\u00e9 au 100% par nos bureaux. <strong>Recherche et d\u00e9veloppement<\/strong> qui sont capables de produire des mises \u00e0 jour fr\u00e9quentes et toujours r\u00e9trocompatibles avec les mod\u00e8les pr\u00e9c\u00e9dents.<\/p>\n\t<\/div>\n<\/div>\n\n\n\n\n\t\t<\/div> \n\t<\/div>\n\t<\/div> \n<\/div><\/div>\n\t\t\t<\/div> \n\t\t<\/div>\n\t<\/div> \n\n\t<div style=\"\" class=\"vc_col-sm-6 wpb_column column_container vc_column_container col no-extra-padding inherit_tablet inherit_phone\" data-using-bg=\"true\" data-bg-cover=\"true\" data-padding-pos=\"all\" data-has-bg-color=\"false\" data-bg-color=\"\" data-bg-opacity=\"1\" data-animation=\"\" data-delay=\"0\" >\n\t\t<div class=\"vc_column-inner\" ><div class=\"column-image-bg-wrap column-bg-layer viewport-desktop\" data-bg-pos=\"center center\" data-bg-animation=\"none\" data-bg-overlay=\"false\"><div class=\"inner-wrap\"><div class=\"column-image-bg\" style=\" background-image: url('https:\/\/www.ist2000.com\/wp-content\/uploads\/2025\/05\/Foto-Ingresso-IST-scaled.jpg'); \"><\/div><\/div><\/div>\n\t\t\t<div class=\"wpb_wrapper\">\n\t\t\t\t\n\t\t\t<\/div> \n\t\t<\/div>\n\t<\/div> \n<\/div><\/div>\n\t\t<div id=\"fws_69f22200b1cbd\"  data-column-margin=\"default\" data-midnight=\"dark\"  class=\"wpb_row vc_row-fluid vc_row full-width-content vc_row-o-equal-height vc_row-flex vc_row-o-content-middle\"  style=\"padding-top: 0px; padding-bottom: 0px; \"><div class=\"row-bg-wrap\" data-bg-animation=\"none\" data-bg-animation-delay=\"\" data-bg-overlay=\"false\"><div class=\"inner-wrap row-bg-layer\" ><div class=\"row-bg viewport-desktop\"  style=\"\"><\/div><\/div><\/div><div class=\"row_col_wrap_12 col span_12 dark left\">\n\t<div  class=\"vc_col-sm-6 wpb_column column_container vc_column_container col no-extra-padding inherit_tablet inherit_phone\"  data-padding-pos=\"all\" data-has-bg-color=\"false\" data-bg-color=\"\" data-bg-opacity=\"1\" data-animation=\"\" data-delay=\"0\" >\n\t\t<div class=\"vc_column-inner\" >\n\t\t\t<div class=\"wpb_wrapper\">\n\t\t\t\t<div class=\"img-with-aniamtion-wrap center\" data-max-width=\"100%\" data-max-width-mobile=\"default\" data-shadow=\"none\" data-animation=\"none\" >\n      <div class=\"inner\">\n        <div class=\"hover-wrap\"> \n          <div class=\"hover-wrap-inner\">\n            <img loading=\"lazy\" decoding=\"async\" class=\"img-with-animation skip-lazy\" data-delay=\"0\" height=\"1091\" width=\"1079\" data-animation=\"none\" src=\"https:\/\/www.ist2000.com\/wp-content\/uploads\/2021\/11\/infinity-plus-modelli-ist.jpg\" alt=\"IST selezionatrice - pagina Azienda\" srcset=\"https:\/\/www.ist2000.com\/wp-content\/uploads\/2021\/11\/infinity-plus-modelli-ist.jpg 1079w, https:\/\/www.ist2000.com\/wp-content\/uploads\/2021\/11\/infinity-plus-modelli-ist-297x300.jpg 297w, https:\/\/www.ist2000.com\/wp-content\/uploads\/2021\/11\/infinity-plus-modelli-ist-1013x1024.jpg 1013w, https:\/\/www.ist2000.com\/wp-content\/uploads\/2021\/11\/infinity-plus-modelli-ist-768x777.jpg 768w, https:\/\/www.ist2000.com\/wp-content\/uploads\/2021\/11\/infinity-plus-modelli-ist-100x100.jpg 100w\" sizes=\"auto, (max-width: 1079px) 100vw, 1079px\" \/>\n          <\/div>\n        <\/div>\n      <\/div>\n    <\/div>\n\t\t\t<\/div> \n\t\t<\/div>\n\t<\/div> \n\n\t<div style=\"\" class=\"vc_col-sm-6 wpb_column column_container vc_column_container col padding-9-percent inherit_tablet inherit_phone\" data-using-bg=\"true\" data-padding-pos=\"all\" data-has-bg-color=\"true\" data-bg-color=\"#ffffff\" data-bg-opacity=\"1\" data-animation=\"\" data-delay=\"0\" >\n\t\t<div class=\"vc_column-inner\" ><div class=\"column-bg-overlay-wrap column-bg-layer\" data-bg-animation=\"none\"><div class=\"column-bg-overlay\" style=\"opacity: 1; background-color: #ffffff;\"><\/div><\/div>\n\t\t\t<div class=\"wpb_wrapper\">\n\t\t\t\t<div id=\"fws_69f22200b2e50\" data-midnight=\"\" data-column-margin=\"default\" class=\"wpb_row vc_row-fluid vc_row inner_row\"  style=\"\"><div class=\"row-bg-wrap\"> <div class=\"row-bg\" ><\/div> <\/div><div class=\"row_col_wrap_12_inner col span_12  left\">\n\t<div  class=\"vc_col-sm-12 wpb_column column_container vc_column_container col child_column has-animation no-extra-padding inherit_tablet inherit_phone\"   data-padding-pos=\"all\" data-has-bg-color=\"false\" data-bg-color=\"\" data-bg-opacity=\"1\" data-animation=\"fade-in-from-bottom\" data-delay=\"0\" >\n\t\t<div class=\"vc_column-inner\" >\n\t\t<div class=\"wpb_wrapper\">\n\t\t\t<h5 style=\"color: #00787f;text-align: left\" class=\"vc_custom_heading vc_do_custom_heading vc_custom_1705999520412\" >Nouvelle s\u00e9rie Infinity Plus<\/h5><h2 style=\"text-align: left\" class=\"vc_custom_heading vc_do_custom_heading\" >Le trieur intelligent con\u00e7u pour vos produits<\/h2><div class=\"divider-wrap\" data-alignment=\"default\"><div style=\"height: 16px;\" class=\"divider\"><\/div><\/div>\n<div class=\"wpb_text_column wpb_content_element  vc_custom_1705999797578\" >\n\t<div class=\"wpb_wrapper\">\n\t\t<p>Les trieurs optiques Infinity Plus sont con\u00e7us en fonction des produits sur lesquels ils doivent travailler : pour le secteur alimentaire, le premier objectif est le contr\u00f4le et l&#039;identification de tout type de corps \u00e9tranger, tandis que pour l&#039;ensemble du secteur non alimentaire comme le secteurs du plastique, des min\u00e9raux et des m\u00e9taux, l&#039;utilisation de syst\u00e8mes de vision capables de distinguer diff\u00e9rents mat\u00e9riaux est mise en avant.<\/p>\n<p>Toutes les trieuses sont construites selon 100% en Italie en utilisant des mat\u00e9riaux et des technologies de <strong>origine europ\u00e9enne exclusive<\/strong>, qui sont une garantie de<strong> qualit\u00e9 et fiabilit\u00e9<\/strong>, ainsi que de garantir la disponibilit\u00e9 de chaque pi\u00e8ce de rechange.<\/p>\n<p>IST est \u00e9quip\u00e9 d&#039;un<strong> r\u00e9seau de techniciens<\/strong> pr\u00eat \u00e0 intervenir pour tout type de besoin du client, de la cr\u00e9ation de nouvelles recettes de travail \u00e0 la r\u00e9solution de tout probl\u00e8me technique.<\/p>\n\t<\/div>\n<\/div>\n\n\n\n<a class=\"nectar-button large see-through-2\"  role=\"button\" style=\"margin-top: 30px; \"  href=\"https:\/\/www.ist2000.com\/fr\/modelli\/\" data-color-override=\"false\" data-hover-color-override=\"false\" data-hover-text-color-override=\"#ffffff\"><span>Nos mod\u00e8les<\/span><\/a>\n\t\t<\/div> \n\t<\/div>\n\t<\/div> \n<\/div><\/div>\n\t\t\t<\/div> \n\t\t<\/div>\n\t<\/div> \n<\/div><\/div>\n\t\t<div id=\"fws_69f22200b4014\"  data-column-margin=\"default\" data-midnight=\"dark\" data-top-percent=\"5%\" data-bottom-percent=\"7%\"  class=\"wpb_row vc_row-fluid vc_row full-width-section\"  style=\"padding-top: calc(100vw * 0.05); padding-bottom: calc(100vw * 0.07); \"><div class=\"row-bg-wrap\" data-bg-animation=\"none\" data-bg-animation-delay=\"\" data-bg-overlay=\"false\"><div class=\"inner-wrap row-bg-layer using-image\" ><div class=\"row-bg viewport-desktop using-image\"  style=\"background-image: url(https:\/\/www.ist2000.com\/wp-content\/uploads\/2022\/01\/teleassistenza-ist-sort.jpg); background-position: right center; background-repeat: no-repeat; \"><\/div><\/div><\/div><div class=\"row_col_wrap_12 col span_12 dark left\">\n\t<div  class=\"vc_col-sm-3 wpb_column column_container vc_column_container col no-extra-padding inherit_tablet inherit_phone\"  data-padding-pos=\"all\" data-has-bg-color=\"false\" data-bg-color=\"\" data-bg-opacity=\"1\" data-animation=\"\" data-delay=\"0\" >\n\t\t<div class=\"vc_column-inner\" >\n\t\t\t<div class=\"wpb_wrapper\">\n\t\t\t\t\n<div class=\"wpb_text_column wpb_content_element\" >\n\t<div class=\"wpb_wrapper\">\n\t\t<h3><span style=\"color: #000000;\"><strong>ASSISTANCE \u00c0 DISTANCE EN TEMPS R\u00c9EL<\/strong><\/span><\/h3>\n<p class=\" translation-block\"><span style=\"color: #000000\">Sans avoir besoin de c\u00e2bler l&#039;environnement de travail, le trieur optique peut \u00eatre connect\u00e9 \u00e0 Internet, permettant aux techniciens IST d&#039;intervenir \u00e0 <strong>distance<\/strong> dans la r\u00e9solution des probl\u00e8mes potentiels identifi\u00e9s par le syst\u00e8me de d\u00e9tection d&#039;erreurs gr\u00e2ce \u00e0 un <strong>autodiagnostic<\/strong> des machines.<\/span><\/p>\n<p><span style=\"color: #000000;\">Notre assistance \u00e0 distance s&#039;effectue en temps r\u00e9el et s&#039;\u00e9tend \u00e9galement jusqu&#039;\u00e0 la mise en service de notre Infinity Plus : pour notre \u00e9quipe, aucune distance n&#039;est insurmontable lorsqu&#039;un trieur optique est connect\u00e9 au r\u00e9seau.<\/span><\/p>\n\t<\/div>\n<\/div>\n\n\n\n<div class=\"divider-wrap\" data-alignment=\"default\"><div style=\"height: 30px;\" class=\"divider\"><\/div><\/div>\n\t\t\t<\/div> \n\t\t<\/div>\n\t<\/div> \n\n\t<div  class=\"vc_col-sm-9 wpb_column column_container vc_column_container col no-extra-padding inherit_tablet inherit_phone\"  data-padding-pos=\"all\" data-has-bg-color=\"false\" data-bg-color=\"\" data-bg-opacity=\"1\" data-animation=\"\" data-delay=\"0\" >\n\t\t<div class=\"vc_column-inner\" >\n\t\t\t<div class=\"wpb_wrapper\">\n\t\t\t\t\n\t\t\t<\/div> \n\t\t<\/div>\n\t<\/div> \n<\/div><\/div>","protected":false},"excerpt":{"rendered":"Qui nous sommesLa soci\u00e9t\u00e9 IST Italian Sorting Technologies est une fi\u00e8re entreprise Made in Italy qui con\u00e7oit et construit des MACHINES DE TRI OPTIQUES \u00c9LECTRONIQUES de derni\u00e8re g\u00e9n\u00e9ration pour le tri et la s\u00e9lection des...","protected":false},"author":2,"featured_media":0,"parent":0,"menu_order":0,"comment_status":"closed","ping_status":"closed","template":"","meta":{"footnotes":""},"class_list":["post-24","page","type-page","status-publish"],"_links":{"self":[{"href":"https:\/\/www.ist2000.com\/fr\/wp-json\/wp\/v2\/pages\/24","targetHints":{"allow":["GET"]}}],"collection":[{"href":"https:\/\/www.ist2000.com\/fr\/wp-json\/wp\/v2\/pages"}],"about":[{"href":"https:\/\/www.ist2000.com\/fr\/wp-json\/wp\/v2\/types\/page"}],"author":[{"embeddable":true,"href":"https:\/\/www.ist2000.com\/fr\/wp-json\/wp\/v2\/users\/2"}],"replies":[{"embeddable":true,"href":"https:\/\/www.ist2000.com\/fr\/wp-json\/wp\/v2\/comments?post=24"}],"version-history":[{"count":15,"href":"https:\/\/www.ist2000.com\/fr\/wp-json\/wp\/v2\/pages\/24\/revisions"}],"predecessor-version":[{"id":811,"href":"https:\/\/www.ist2000.com\/fr\/wp-json\/wp\/v2\/pages\/24\/revisions\/811"}],"wp:attachment":[{"href":"https:\/\/www.ist2000.com\/fr\/wp-json\/wp\/v2\/media?parent=24"}],"curies":[{"name":"wp","href":"https:\/\/api.w.org\/{rel}","templated":true}]}}