{"id":198,"date":"2021-12-30T15:13:28","date_gmt":"2021-12-30T14:13:28","guid":{"rendered":"https:\/\/www.ist2000.com\/?page_id=198"},"modified":"2022-04-06T14:01:10","modified_gmt":"2022-04-06T12:01:10","slug":"informativa-sui-cookie","status":"publish","type":"page","link":"https:\/\/www.ist2000.com\/fr\/informativa-sui-cookie\/","title":{"rendered":"Politique relative aux cookies"},"content":{"rendered":"<h2><strong>COOKIES SUR CE SITE<\/strong><\/h2>\n<div class=\"BorlabsCookie\"><h3 class=\"_brlbs _brlbs-cg-essential\">Essentiel<\/h3><p class=\"_brlbs _brlbs-cg-essential\">Les cookies essentiels activent les fonctions de base et sont n\u00e9cessaires au bon fonctionnement du site Web.<\/p><h4 class=\"_brlbs _brlbs-c-borlabs-cookie\">Biscuit Borlabs<\/h4><div class=\"_brlbs-responsive-table\"><table class=\"_brlbs _brlbs-c-borlabs-cookie\"><tr><th scope=\"row\">Pr\u00e9nom<\/th><td>Biscuit Borlabs<\/td><\/tr><tr><th scope=\"row\">Fournisseur<\/th><td>Propri\u00e9taire de ce site<\/td><\/tr><tr><th scope=\"row\">Port\u00e9e<\/th><td>Enregistre les pr\u00e9f\u00e9rences du visiteur s\u00e9lectionn\u00e9es dans la bo\u00eete \u00e0 cookies Borlabs.<\/td><\/tr><tr><th scope=\"row\">Nom du cookie<\/th><td>cookie-borlabs<\/td><\/tr><tr><th scope=\"row\">Expiration du cookie<\/th><td>1 ans<\/td><\/tr><\/table><\/div><h3 class=\"_brlbs _brlbs-cg-statistics\">Statistiques<\/h3><p class=\"_brlbs _brlbs-cg-statistics\">Les cookies \u00e0 des fins statistiques collectent des informations de mani\u00e8re anonyme. Ces informations nous aident \u00e0 comprendre comment nos visiteurs utilisent notre site Web.<\/p><h4 class=\"_brlbs _brlbs-c-google-analytics\">Google Analytics<\/h4><div class=\"_brlbs-responsive-table\"><table class=\"_brlbs _brlbs-c-google-analytics\"><tr><th scope=\"row\">Pr\u00e9nom<\/th><td>Google Analytics<\/td><\/tr><tr><th scope=\"row\">Fournisseur<\/th><td>Google\u00a0LLC<\/td><\/tr><tr><th scope=\"row\">Port\u00e9e<\/th><td>Cookie de Google utilis\u00e9 pour l&#039;analyse du site Web. G\u00e9n\u00e8re des donn\u00e9es statistiques sur l&#039;utilisation du site Web par le visiteur.<\/td><\/tr><tr><th scope=\"row\">Politique de confidentialit\u00e9<\/th><td><a href=\"https:\/\/policies.google.com\/privacy?hl=en\" target=\"_blank\" rel=\"nofollow noopener noreferrer\">https:\/\/policies.google.com\/privacy?hl=en<\/a><\/td><\/tr><tr><th scope=\"row\">Nom du cookie<\/th><td>_ga, _gat, _gid<\/td><\/tr><tr><th scope=\"row\">Expiration du cookie<\/th><td>2 mois<\/td><\/tr><\/table><\/div><h3 class=\"_brlbs _brlbs-cg-marketing\">Commercialisation<\/h3><p class=\"_brlbs _brlbs-cg-marketing\">Les cookies marketing sont utilis\u00e9s par des annonceurs ou des \u00e9diteurs tiers pour afficher des publicit\u00e9s personnalis\u00e9es. Pour ce faire, ils suivent les visiteurs sur les sites Web.<\/p><h3 class=\"_brlbs _brlbs-cg-external-media\">Tierces parties<\/h3><p class=\"_brlbs _brlbs-cg-external-media\">Le contenu des plateformes vid\u00e9o et de m\u00e9dias sociaux est bloqu\u00e9 par d\u00e9faut. Si les cookies tiers sont accept\u00e9s, l&#039;acc\u00e8s \u00e0 ces contenus ne n\u00e9cessite plus de consentement manuel.<\/p><h4 class=\"_brlbs _brlbs-c-facebook\">Facebook<\/h4><div class=\"_brlbs-responsive-table\"><table class=\"_brlbs _brlbs-c-facebook\"><tr><th scope=\"row\">Pr\u00e9nom<\/th><td>Facebook<\/td><\/tr><tr><th scope=\"row\">Fournisseur<\/th><td>Facebook<\/td><\/tr><tr><th scope=\"row\">Port\u00e9e<\/th><td>Utilis\u00e9 pour d\u00e9bloquer le contenu de Facebook.<\/td><\/tr><tr><th scope=\"row\">Politique de confidentialit\u00e9<\/th><td><a href=\"https:\/\/www.facebook.com\/privacy\/explanation\" target=\"_blank\" rel=\"nofollow noopener noreferrer\">https:\/\/www.facebook.com\/privacy\/explanation<\/a><\/td><\/tr><tr><th scope=\"row\">H\u00f4te(s)<\/th><td>.facebook.com<\/td><\/tr><\/table><\/div><h4 class=\"_brlbs _brlbs-c-googlemaps\">Google Maps<\/h4><div class=\"_brlbs-responsive-table\"><table class=\"_brlbs _brlbs-c-googlemaps\"><tr><th scope=\"row\">Pr\u00e9nom<\/th><td>Google Maps<\/td><\/tr><tr><th scope=\"row\">Fournisseur<\/th><td>Google<\/td><\/tr><tr><th scope=\"row\">Port\u00e9e<\/th><td>Utilis\u00e9 pour d\u00e9bloquer le contenu de Google Maps.<\/td><\/tr><tr><th scope=\"row\">Politique de confidentialit\u00e9<\/th><td><a href=\"https:\/\/policies.google.com\/privacy?hl=en&#038;gl=en\" target=\"_blank\" rel=\"nofollow noopener noreferrer\">https:\/\/policies.google.com\/privacy?hl=en&#038;gl=en<\/a><\/td><\/tr><tr><th scope=\"row\">H\u00f4te(s)<\/th><td>.Google. com<\/td><\/tr><tr><th scope=\"row\">Nom du cookie<\/th><td>JNV<\/td><\/tr><tr><th scope=\"row\">Expiration du cookie<\/th><td>6 mois<\/td><\/tr><\/table><\/div><h4 class=\"_brlbs _brlbs-c-instagram\">Instagram<\/h4><div class=\"_brlbs-responsive-table\"><table class=\"_brlbs _brlbs-c-instagram\"><tr><th scope=\"row\">Pr\u00e9nom<\/th><td>Instagram<\/td><\/tr><tr><th scope=\"row\">Fournisseur<\/th><td>Facebook<\/td><\/tr><tr><th scope=\"row\">Port\u00e9e<\/th><td>Utilis\u00e9 pour d\u00e9bloquer le contenu d&#039;Instagram.<\/td><\/tr><tr><th scope=\"row\">Politique de confidentialit\u00e9<\/th><td><a href=\"https:\/\/www.instagram.com\/legal\/privacy\/\" target=\"_blank\" rel=\"nofollow noopener noreferrer\">https:\/\/www.instagram.com\/legal\/privacy\/<\/a><\/td><\/tr><tr><th scope=\"row\">H\u00f4te(s)<\/th><td>.instagram.com<\/td><\/tr><tr><th scope=\"row\">Nom du cookie<\/th><td>pigeon_state<\/td><\/tr><tr><th scope=\"row\">Expiration du cookie<\/th><td>Session<\/td><\/tr><\/table><\/div><h4 class=\"_brlbs _brlbs-c-openstreetmap\">OpenStreetMap<\/h4><div class=\"_brlbs-responsive-table\"><table class=\"_brlbs _brlbs-c-openstreetmap\"><tr><th scope=\"row\">Pr\u00e9nom<\/th><td>OpenStreetMap<\/td><\/tr><tr><th scope=\"row\">Fournisseur<\/th><td>Fondation OpenStreetMap<\/td><\/tr><tr><th scope=\"row\">Port\u00e9e<\/th><td>Utilis\u00e9 pour d\u00e9verrouiller le contenu OpenStreetMap.<\/td><\/tr><tr><th scope=\"row\">Politique de confidentialit\u00e9<\/th><td><a href=\"https:\/\/wiki.osmfoundation.org\/wiki\/Privacy_Policy\" target=\"_blank\" rel=\"nofollow noopener noreferrer\">https:\/\/wiki.osmfoundation.org\/wiki\/Privacy_Policy<\/a><\/td><\/tr><tr><th scope=\"row\">H\u00f4te(s)<\/th><td>.openstreetmap.org<\/td><\/tr><tr><th scope=\"row\">Nom du cookie<\/th><td>_osm_location, _osm_session, _osm_totp_token, _osm_welcome, _pk_id., _pk_ref., _pk_ses., qos_token<\/td><\/tr><tr><th scope=\"row\">Expiration du cookie<\/th><td>1-10 ans<\/td><\/tr><\/table><\/div><h4 class=\"_brlbs _brlbs-c-twitter\">Twitter<\/h4><div class=\"_brlbs-responsive-table\"><table class=\"_brlbs _brlbs-c-twitter\"><tr><th scope=\"row\">Pr\u00e9nom<\/th><td>Twitter<\/td><\/tr><tr><th scope=\"row\">Fournisseur<\/th><td>Twitter<\/td><\/tr><tr><th scope=\"row\">Port\u00e9e<\/th><td>Utilis\u00e9 pour d\u00e9bloquer le contenu Twitter.<\/td><\/tr><tr><th scope=\"row\">Politique de confidentialit\u00e9<\/th><td><a href=\"https:\/\/twitter.com\/privacy\" target=\"_blank\" rel=\"nofollow noopener noreferrer\">https:\/\/twitter.com\/privacy<\/a><\/td><\/tr><tr><th scope=\"row\">H\u00f4te(s)<\/th><td>.twimg.com, .twitter.com<\/td><\/tr><tr><th scope=\"row\">Nom du cookie<\/th><td>__widgetsettings, local_storage_support_test<\/td><\/tr><tr><th scope=\"row\">Expiration du cookie<\/th><td>Illimit\u00e9<\/td><\/tr><\/table><\/div><h4 class=\"_brlbs _brlbs-c-vimeo\">Vim\u00e9o<\/h4><div class=\"_brlbs-responsive-table\"><table class=\"_brlbs _brlbs-c-vimeo\"><tr><th scope=\"row\">Pr\u00e9nom<\/th><td>Vim\u00e9o<\/td><\/tr><tr><th scope=\"row\">Fournisseur<\/th><td>Vim\u00e9o<\/td><\/tr><tr><th scope=\"row\">Port\u00e9e<\/th><td>Utilis\u00e9 pour d\u00e9bloquer le contenu Vimeo.<\/td><\/tr><tr><th scope=\"row\">Politique de confidentialit\u00e9<\/th><td><a href=\"https:\/\/vimeo.com\/privacy\" target=\"_blank\" rel=\"nofollow noopener noreferrer\">https:\/\/vimeo.com\/privacy<\/a><\/td><\/tr><tr><th scope=\"row\">H\u00f4te(s)<\/th><td>player.vimeo.com<\/td><\/tr><tr><th scope=\"row\">Nom du cookie<\/th><td>vu<\/td><\/tr><tr><th scope=\"row\">Expiration du cookie<\/th><td>2 ann\u00e9es<\/td><\/tr><\/table><\/div><h4 class=\"_brlbs _brlbs-c-youtube\">Youtube<\/h4><div class=\"_brlbs-responsive-table\"><table class=\"_brlbs _brlbs-c-youtube\"><tr><th scope=\"row\">Pr\u00e9nom<\/th><td>Youtube<\/td><\/tr><tr><th scope=\"row\">Fournisseur<\/th><td>Youtube<\/td><\/tr><tr><th scope=\"row\">Port\u00e9e<\/th><td>Utilis\u00e9 pour d\u00e9bloquer le contenu YouTube.<\/td><\/tr><tr><th scope=\"row\">Politique de confidentialit\u00e9<\/th><td><a href=\"https:\/\/policies.google.com\/privacy?hl=en&#038;gl=en\" target=\"_blank\" rel=\"nofollow noopener noreferrer\">https:\/\/policies.google.com\/privacy?hl=en&#038;gl=en<\/a><\/td><\/tr><tr><th scope=\"row\">H\u00f4te(s)<\/th><td>Google.com<\/td><\/tr><tr><th scope=\"row\">Nom du cookie<\/th><td>JNV<\/td><\/tr><tr><th scope=\"row\">Expiration du cookie<\/th><td>6 mois<\/td><\/tr><\/table><\/div><\/div>\n<p>&nbsp;<\/p>\n<h2><strong>MES COOKIES ACTIFS<\/strong><\/h2>\n<div class=\"BorlabsCookie\" data-borlabs-cookie-consent-history><div class=\"_brlbs-responsive-table\"><table class=\"_brlbs-table\"><thead><tr><th class=\"_brlbs-table-date\" scope=\"col\">Date<\/th><th class=\"_brlbs-table-version\" scope=\"col\">Version<\/th><th class=\"_brlbs-table-consents\" scope=\"col\">Consentements<\/th><\/tr><\/thead><\/table><\/div><\/div>\n<p>&nbsp;<\/p>\n<a href=\"#\" class=\"borlabs-cookie-preference\">Modifier le param\u00e8tre des cookies<\/a>\n<h1><\/h1>\n<h2>BISCUITS<\/h2>\n<p>Pour faire le <a href=\"https:\/\/www.ist2000.com\/fr\/\">notre site<\/a> plus simple et plus intuitif, nous utilisons les cookies. Les cookies sont de petits \u00e9l\u00e9ments de donn\u00e9es qui nous permettent de comparer les visiteurs nouveaux et pass\u00e9s et de comprendre comment les utilisateurs naviguent sur notre site. Nous utilisons les donn\u00e9es collect\u00e9es via les cookies pour rendre l&#039;exp\u00e9rience de navigation plus agr\u00e9able et plus efficace \u00e0 l&#039;avenir.<br \/>\nLes cookies n&#039;enregistrent aucune information personnelle sur un utilisateur et aucune donn\u00e9e identifiable ne sera stock\u00e9e. Si vous souhaitez d\u00e9sactiver l&#039;utilisation des cookies, vous devez personnaliser les param\u00e8tres de votre ordinateur en configurant la suppression de tous les cookies ou en activant un message d&#039;avertissement lorsque des cookies sont stock\u00e9s. Pour continuer sans modifier l&#039;application des cookies, il vous suffit de poursuivre votre navigation.<br \/>\nVisitez AboutCookies.org pour plus d&#039;informations sur les cookies et comment ils affectent votre exp\u00e9rience de navigation.<\/p>\n<h3>Les types de cookies que nous utilisons :<\/h3>\n<p><em><strong>Cookies essentiels<\/strong><\/em><br \/>\nCes cookies sont indispensables pour vous permettre de vous d\u00e9placer sur le site et d&#039;utiliser pleinement ses fonctionnalit\u00e9s, comme l&#039;acc\u00e8s aux diff\u00e9rentes zones prot\u00e9g\u00e9es du site. Sans ces cookies, certains services n\u00e9cessaires, comme remplir un formulaire pour un concours, ne peuvent pas \u00eatre utilis\u00e9s.<\/p>\n<p><em><strong>Cookie de performance<\/strong><\/em><br \/>\nCes cookies collectent des informations sur la fa\u00e7on dont les utilisateurs utilisent un site Web, par exemple, quelles pages sont les plus visit\u00e9es, si vous recevez des messages d&#039;erreur de pages Web. Ces cookies ne collectent pas d&#039;informations permettant d&#039;identifier un visiteur. Toutes les informations collect\u00e9es via les cookies sont agr\u00e9g\u00e9es et donc anonymes. Ils sont utilis\u00e9s uniquement pour am\u00e9liorer le fonctionnement d&#039;un site Web. En utilisant notre site, l&#039;utilisateur accepte que ces cookies puissent \u00eatre install\u00e9s sur son appareil.<\/p>\n<p><em><strong>Cookies de fonctionnalit\u00e9<\/strong><\/em><br \/>\nLes cookies permettent au site de m\u00e9moriser les choix effectu\u00e9s par l&#039;utilisateur (tels que le nom, la langue ou la r\u00e9gion d&#039;origine) et de fournir des fonctionnalit\u00e9s avanc\u00e9es personnalis\u00e9es. Ces cookies peuvent \u00e9galement \u00eatre utilis\u00e9s pour m\u00e9moriser les modifications apport\u00e9es \u00e0 la taille du texte, aux polices et \u00e0 d&#039;autres parties des pages Web qui peuvent \u00eatre personnalis\u00e9es. Ils peuvent \u00e9galement \u00eatre utilis\u00e9s pour fournir des services que vous avez demand\u00e9s, comme regarder une vid\u00e9o ou commenter un blog. Les informations collect\u00e9es par ces types de cookies peuvent \u00eatre rendues anonymes et incapables de surveiller votre activit\u00e9 de navigation sur d&#039;autres sites Web. En utilisant notre site, l&#039;utilisateur accepte que ces cookies puissent \u00eatre install\u00e9s sur son appareil.<\/p>\n<h3>Comment g\u00e9rer les cookies sur votre PC<\/h3>\n<p>Si vous souhaitez autoriser les cookies de notre site, veuillez suivre les \u00e9tapes ci-dessous,<\/p>\n<p><strong>Google Chrome<\/strong><br \/>\n1. Cliquez sur &quot;Outils&quot; en haut de la fen\u00eatre du navigateur et s\u00e9lectionnez Options<br \/>\n2. Cliquez sur l&#039;onglet &quot;Sous le capot&quot;, localisez la section &quot;Confidentialit\u00e9&quot; et s\u00e9lectionnez le bouton &quot;Param\u00e8tres de contenu&quot;.<br \/>\n3. S\u00e9lectionnez maintenant &quot;Autoriser la d\u00e9finition des donn\u00e9es locales&quot;<\/p>\n<p><strong>Microsoft Internet Explorer 6.0, 7.0, 8.0, 9.0<\/strong><br \/>\n1. Cliquez sur \u00ab\u00a0Outils\u00a0\u00bb en haut de la fen\u00eatre de votre navigateur et s\u00e9lectionnez \u00ab\u00a0Options Internet\u00a0\u00bb, puis cliquez sur l&#039;onglet \u00ab\u00a0Confidentialit\u00e9\u00a0\u00bb<br \/>\n2. Pour activer les cookies dans votre navigateur, assurez-vous que le niveau de confidentialit\u00e9 est d\u00e9fini sur Moyen ou inf\u00e9rieur,<br \/>\n3. En d\u00e9finissant le niveau de confidentialit\u00e9 au-dessus de Moyen, vous d\u00e9sactiverez l&#039;utilisation des cookies.<\/p>\n<p><strong>MozillaFirefox<\/strong><br \/>\n1. Cliquez sur &quot;Outils&quot; en haut de la fen\u00eatre du navigateur et s\u00e9lectionnez &quot;Options&quot;<br \/>\n2. S\u00e9lectionnez ensuite l&#039;ic\u00f4ne Confidentialit\u00e9<br \/>\n3. Cliquez sur Cookies, puis s\u00e9lectionnez &quot;Autoriser les sites \u00e0 utiliser des cookies&quot;<\/p>\n<p><strong>Safari<\/strong><br \/>\n1. Cliquez sur l&#039;ic\u00f4ne Cog en haut de la fen\u00eatre de votre navigateur et s\u00e9lectionnez l&#039;option &quot;Pr\u00e9f\u00e9rences&quot;<br \/>\n2. Cliquez sur &#039;S\u00e9curit\u00e9&#039;, s\u00e9lectionnez l&#039;option qui dit &#039;Bloquer les cookies tiers et publicitaires&#039;<br \/>\n3. Cliquez sur &#039;Enregistrer&#039;<\/p>\n<h3>Comment g\u00e9rer les cookies sur Mac<\/h3>\n<p>Si vous souhaitez autoriser les cookies de notre site, veuillez suivre les \u00e9tapes ci-dessous :<\/p>\n<p><strong>Microsoft Internet Explorer 5.0 sur OSX<\/strong><br \/>\n1. Cliquez sur &quot;Explorer&quot; en haut de la fen\u00eatre de votre navigateur et s\u00e9lectionnez l&#039;option &quot;Pr\u00e9f\u00e9rences&quot;<br \/>\n2. Faites d\u00e9filer vers le bas jusqu&#039;\u00e0 ce que vous voyiez &quot;Cookies&quot; dans la section R\u00e9ception de fichiers<br \/>\n3. S\u00e9lectionnez l&#039;option &quot;Ne pas demander&quot;<\/p>\n<p><strong>Safari sur OS X<\/strong><br \/>\n1. Cliquez sur &quot;Safari&quot; en haut de la fen\u00eatre de votre navigateur et s\u00e9lectionnez l&#039;option &quot;Pr\u00e9f\u00e9rences&quot;<br \/>\n2. Cliquez sur &#039;S\u00e9curit\u00e9&#039; puis &#039;Accepter les cookies&#039;<br \/>\n3. S\u00e9lectionnez &quot;Uniquement depuis le site&quot;<\/p>\n<p><strong>Mozilla et Netscape sur OSX<\/strong><br \/>\n1. Cliquez sur &#039;Mozilla&#039; ou &#039;Netscape&#039; en haut de la fen\u00eatre de votre navigateur et s\u00e9lectionnez l&#039;option &quot;Pr\u00e9f\u00e9rences&quot;<br \/>\n2. Faites d\u00e9filer vers le bas jusqu&#039;\u00e0 ce que vous voyiez les cookies sous \u00ab\u00a0Confidentialit\u00e9 et s\u00e9curit\u00e9\u00a0\u00bb<br \/>\n3. S\u00e9lectionnez &#039;Activer les cookies uniquement pour le site d&#039;origine&#039;<\/p>\n<p><strong>Op\u00e9ra<\/strong><br \/>\n1. Cliquez sur &quot;Menu&quot; en haut de la fen\u00eatre de votre navigateur et s\u00e9lectionnez &quot;Param\u00e8tres&quot;<br \/>\n2. S\u00e9lectionnez ensuite &quot;Pr\u00e9f\u00e9rences&quot;, s\u00e9lectionnez l&#039;onglet &quot;Avanc\u00e9&quot;<br \/>\n3. S\u00e9lectionnez ensuite l&#039;option &#039;Accepter les cookies&#039;<\/p>\n<h2>Google Analytics<\/h2>\n<p>Ce site Web utilise Google Analytics, un service d&#039;analyse Web fourni par Google, Inc. (&quot;Google&quot;). Google Analytics utilise des &quot;cookies&quot;, qui sont des fichiers texte plac\u00e9s sur votre ordinateur pour permettre au site Web d&#039;analyser la fa\u00e7on dont les utilisateurs utilisent le site. Les informations g\u00e9n\u00e9r\u00e9es par le cookie sur l&#039;utilisation du site Web (y compris votre adresse IP anonyme) seront transmises et stock\u00e9es sur les serveurs de Google aux \u00c9tats-Unis. Google utilisera ces informations dans le but d&#039;examiner votre utilisation du site Web, de compiler des rapports sur l&#039;activit\u00e9 du site Web pour les op\u00e9rateurs de site Web et de fournir d&#039;autres services li\u00e9s \u00e0 l&#039;activit\u00e9 du site Web et \u00e0 l&#039;utilisation d&#039;Internet. Google peut \u00e9galement transf\u00e9rer ces informations \u00e0 des tiers lorsque cela est requis par la loi ou lorsque ces tiers traitent les informations susmentionn\u00e9es pour le compte de Google. Google n&#039;associera pas votre adresse IP \u00e0 d&#039;autres donn\u00e9es d\u00e9tenues par Google. Vous pouvez refuser l&#039;utilisation de cookies en s\u00e9lectionnant le param\u00e8tre appropri\u00e9 de votre navigateur, mais veuillez noter que si vous le faites, vous ne pourrez peut-\u00eatre pas utiliser toutes les fonctionnalit\u00e9s de ce site Web. En utilisant ce site internet, vous consentez express\u00e9ment au traitement de vos donn\u00e9es par Google dans les conditions et pour les finalit\u00e9s indiqu\u00e9es ci-dessus.<br \/>\nVous pouvez emp\u00eacher Google de d\u00e9tecter un cookie g\u00e9n\u00e9r\u00e9 en raison de et li\u00e9 \u00e0 votre utilisation de ce site Web (y compris votre adresse IP) et le traitement de ces donn\u00e9es en t\u00e9l\u00e9chargeant et en installant ce plugin de navigateur :<a href=\"http:\/\/tools.google.com\/dlpage\/gaoptout?hl=en\" target=\"_blank\" rel=\"noopener\">http:\/\/tools.google.com\/dlpage\/gaoptout?hl=en<\/a><\/p>","protected":false},"excerpt":{"rendered":"<p>COOKIES SUR CE SITE MES COOKIES ACTIFS COOKIES Pour rendre notre site plus simple et plus intuitif, nous utilisons des cookies. Les cookies sont de petites portions...<\/p>","protected":false},"author":3,"featured_media":0,"parent":0,"menu_order":0,"comment_status":"closed","ping_status":"closed","template":"","meta":{"footnotes":""},"class_list":["post-198","page","type-page","status-publish"],"_links":{"self":[{"href":"https:\/\/www.ist2000.com\/fr\/wp-json\/wp\/v2\/pages\/198","targetHints":{"allow":["GET"]}}],"collection":[{"href":"https:\/\/www.ist2000.com\/fr\/wp-json\/wp\/v2\/pages"}],"about":[{"href":"https:\/\/www.ist2000.com\/fr\/wp-json\/wp\/v2\/types\/page"}],"author":[{"embeddable":true,"href":"https:\/\/www.ist2000.com\/fr\/wp-json\/wp\/v2\/users\/3"}],"replies":[{"embeddable":true,"href":"https:\/\/www.ist2000.com\/fr\/wp-json\/wp\/v2\/comments?post=198"}],"version-history":[{"count":4,"href":"https:\/\/www.ist2000.com\/fr\/wp-json\/wp\/v2\/pages\/198\/revisions"}],"predecessor-version":[{"id":501,"href":"https:\/\/www.ist2000.com\/fr\/wp-json\/wp\/v2\/pages\/198\/revisions\/501"}],"wp:attachment":[{"href":"https:\/\/www.ist2000.com\/fr\/wp-json\/wp\/v2\/media?parent=198"}],"curies":[{"name":"wp","href":"https:\/\/api.w.org\/{rel}","templated":true}]}}