{"id":339,"date":"2022-03-23T11:57:17","date_gmt":"2022-03-23T10:57:17","guid":{"rendered":"https:\/\/www.ist2000.com\/?page_id=339"},"modified":"2024-03-07T11:42:52","modified_gmt":"2024-03-07T10:42:52","slug":"minerali","status":"publish","type":"page","link":"https:\/\/www.ist2000.com\/es\/minerali\/","title":{"rendered":"Minerales"},"content":{"rendered":"<div id=\"fws_69ea150d7fdf5\"  data-column-margin=\"default\" data-midnight=\"dark\" data-top-percent=\"2%\" data-bottom-percent=\"2%\"  class=\"wpb_row vc_row-fluid vc_row full-width-content vc_row-o-equal-height vc_row-flex vc_row-o-content-middle\"  style=\"padding-top: calc(100vw * 0.02); padding-bottom: calc(100vw * 0.02); \"><div class=\"row-bg-wrap\" data-bg-animation=\"none\" data-bg-animation-delay=\"\" data-bg-overlay=\"false\"><div class=\"inner-wrap row-bg-layer\" ><div class=\"row-bg viewport-desktop\"  style=\"\"><\/div><\/div><\/div><div class=\"row_col_wrap_12 col span_12 dark left\">\n\t<div  class=\"vc_col-sm-6 wpb_column column_container vc_column_container col padding-5-percent inherit_tablet inherit_phone\"  data-padding-pos=\"all\" data-has-bg-color=\"false\" data-bg-color=\"\" data-bg-opacity=\"1\" data-animation=\"\" data-delay=\"0\" >\n\t\t<div class=\"vc_column-inner\" >\n\t\t\t<div class=\"wpb_wrapper\">\n\t\t\t\t<div id=\"fws_69ea150d80705\" data-midnight=\"\" data-column-margin=\"default\" class=\"wpb_row vc_row-fluid vc_row inner_row\"  style=\"\"><div class=\"row-bg-wrap\"> <div class=\"row-bg\" ><\/div> <\/div><div class=\"row_col_wrap_12_inner col span_12  left\">\n\t<div  class=\"vc_col-sm-12 wpb_column column_container vc_column_container col child_column padding-2-percent inherit_tablet inherit_phone\"   data-padding-pos=\"all\" data-has-bg-color=\"false\" data-bg-color=\"\" data-bg-opacity=\"1\" data-animation=\"\" data-delay=\"0\" >\n\t\t<div class=\"vc_column-inner\" >\n\t\t<div class=\"wpb_wrapper\">\n\t\t\t<h3 style=\"color: #00787f;text-align: left\" class=\"vc_custom_heading vc_do_custom_heading\" >Minerales<\/h3>\n<div class=\"wpb_text_column wpb_content_element\" >\n\t<div class=\"wpb_wrapper\">\n\t\t<p>Las clasificadoras Infinity Plus, gracias a un control preciso mediante el uso combinado de tecnolog\u00eda de color e infrarrojos, permiten seleccionar productos minerales como la sal con alta eficiencia.<\/p>\n<p>La alta precisi\u00f3n ofrecida nos permite reconocer y eliminar cualquier tipo de cuerpo extra\u00f1o o defecto del producto, como insolubles, y es eficaz con diferentes tipos de tama\u00f1o de part\u00edcula, desde 0,1 mm hasta 10 mm.<\/p>\n\t<\/div>\n<\/div>\n\n\n\n\n\t\t<\/div> \n\t<\/div>\n\t<\/div> \n<\/div><\/div><div id=\"fws_69ea150d81217\" data-midnight=\"\" data-column-margin=\"default\" class=\"wpb_row vc_row-fluid vc_row inner_row\"  style=\"\"><div class=\"row-bg-wrap\"> <div class=\"row-bg\" ><\/div> <\/div><div class=\"row_col_wrap_12_inner col span_12  left\">\n\t<div  class=\"vc_col-sm-6 wpb_column column_container vc_column_container col child_column padding-2-percent inherit_tablet inherit_phone\"   data-padding-pos=\"all\" data-has-bg-color=\"false\" data-bg-color=\"\" data-bg-opacity=\"1\" data-animation=\"\" data-delay=\"0\" >\n\t\t<div class=\"vc_column-inner\" >\n\t\t<div class=\"wpb_wrapper\">\n\t\t\t<div class=\"img-with-aniamtion-wrap center\" data-max-width=\"100%\" data-max-width-mobile=\"default\" data-shadow=\"none\" data-animation=\"fade-in\" >\n      <div class=\"inner\">\n        <div class=\"hover-wrap\"> \n          <div class=\"hover-wrap-inner\">\n            <a href=\"https:\/\/www.ist2000.com\/wp-content\/uploads\/2022\/04\/sale-buono-ist.jpg\" class=\"pp center\">\n              <img loading=\"lazy\" decoding=\"async\" class=\"img-with-animation skip-lazy\" data-delay=\"0\" height=\"490\" width=\"656\" data-animation=\"fade-in\" src=\"https:\/\/www.ist2000.com\/wp-content\/uploads\/2022\/04\/sale-buono-ist.jpg\" alt=\"Selezione Sale - Pagina Minerali\" srcset=\"https:\/\/www.ist2000.com\/wp-content\/uploads\/2022\/04\/sale-buono-ist.jpg 656w, https:\/\/www.ist2000.com\/wp-content\/uploads\/2022\/04\/sale-buono-ist-300x224.jpg 300w\" sizes=\"auto, (max-width: 656px) 100vw, 656px\" \/>\n            <\/a>\n          <\/div>\n        <\/div>\n      <\/div>\n      <\/div><div class=\"divider-wrap\" data-alignment=\"default\"><div style=\"height: 15px;\" class=\"divider\"><\/div><\/div>\n<div class=\"wpb_text_column wpb_content_element\" >\n\t<div class=\"wpb_wrapper\">\n\t\t<h4 style=\"text-align: center;\">Selecci\u00f3n de sal<\/h4>\n\t<\/div>\n<\/div>\n\n\n\n\n\t\t<\/div> \n\t<\/div>\n\t<\/div> \n\n\t<div  class=\"vc_col-sm-6 wpb_column column_container vc_column_container col child_column padding-2-percent inherit_tablet inherit_phone\"   data-padding-pos=\"all\" data-has-bg-color=\"false\" data-bg-color=\"\" data-bg-opacity=\"1\" data-animation=\"\" data-delay=\"0\" >\n\t\t<div class=\"vc_column-inner\" >\n\t\t<div class=\"wpb_wrapper\">\n\t\t\t<div class=\"img-with-aniamtion-wrap center\" data-max-width=\"100%\" data-max-width-mobile=\"default\" data-shadow=\"none\" data-animation=\"fade-in\" >\n      <div class=\"inner\">\n        <div class=\"hover-wrap\"> \n          <div class=\"hover-wrap-inner\">\n            <a href=\"https:\/\/www.ist2000.com\/wp-content\/uploads\/2022\/04\/sale-scarto-ist.jpg\" class=\"pp center\">\n              <img loading=\"lazy\" decoding=\"async\" class=\"img-with-animation skip-lazy\" data-delay=\"0\" height=\"490\" width=\"656\" data-animation=\"fade-in\" src=\"https:\/\/www.ist2000.com\/wp-content\/uploads\/2022\/04\/sale-scarto-ist.jpg\" alt=\"Scarto Sale - Pagina Minerali\" srcset=\"https:\/\/www.ist2000.com\/wp-content\/uploads\/2022\/04\/sale-scarto-ist.jpg 656w, https:\/\/www.ist2000.com\/wp-content\/uploads\/2022\/04\/sale-scarto-ist-300x224.jpg 300w\" sizes=\"auto, (max-width: 656px) 100vw, 656px\" \/>\n            <\/a>\n          <\/div>\n        <\/div>\n      <\/div>\n      <\/div><div class=\"divider-wrap\" data-alignment=\"default\"><div style=\"height: 15px;\" class=\"divider\"><\/div><\/div>\n<div class=\"wpb_text_column wpb_content_element\" >\n\t<div class=\"wpb_wrapper\">\n\t\t<h4 style=\"text-align: center;\">Residuos de sal<\/h4>\n\t<\/div>\n<\/div>\n\n\n\n\n\t\t<\/div> \n\t<\/div>\n\t<\/div> \n<\/div><\/div><div id=\"fws_69ea150d82a7b\" data-midnight=\"\" data-column-margin=\"default\" class=\"wpb_row vc_row-fluid vc_row inner_row\"  style=\"\"><div class=\"row-bg-wrap\"> <div class=\"row-bg\" ><\/div> <\/div><div class=\"row_col_wrap_12_inner col span_12  left\">\n\t<div  class=\"vc_col-sm-6 wpb_column column_container vc_column_container col child_column padding-2-percent inherit_tablet inherit_phone\"   data-padding-pos=\"all\" data-has-bg-color=\"false\" data-bg-color=\"\" data-bg-opacity=\"1\" data-animation=\"\" data-delay=\"0\" >\n\t\t<div class=\"vc_column-inner\" >\n\t\t<div class=\"wpb_wrapper\">\n\t\t\t<div class=\"img-with-aniamtion-wrap center\" data-max-width=\"100%\" data-max-width-mobile=\"default\" data-shadow=\"none\" data-animation=\"fade-in\" >\n      <div class=\"inner\">\n        <div class=\"hover-wrap\"> \n          <div class=\"hover-wrap-inner\">\n            <a href=\"https:\/\/www.ist2000.com\/wp-content\/uploads\/2024\/03\/SALE-FOTO-accept.jpg\" class=\"pp center\">\n              <img loading=\"lazy\" decoding=\"async\" class=\"img-with-animation skip-lazy\" data-delay=\"0\" height=\"1728\" width=\"1116\" data-animation=\"fade-in\" src=\"https:\/\/www.ist2000.com\/wp-content\/uploads\/2024\/03\/SALE-FOTO-accept.jpg\" alt=\"\" srcset=\"https:\/\/www.ist2000.com\/wp-content\/uploads\/2024\/03\/SALE-FOTO-accept.jpg 1116w, https:\/\/www.ist2000.com\/wp-content\/uploads\/2024\/03\/SALE-FOTO-accept-194x300.jpg 194w, https:\/\/www.ist2000.com\/wp-content\/uploads\/2024\/03\/SALE-FOTO-accept-661x1024.jpg 661w, https:\/\/www.ist2000.com\/wp-content\/uploads\/2024\/03\/SALE-FOTO-accept-768x1189.jpg 768w, https:\/\/www.ist2000.com\/wp-content\/uploads\/2024\/03\/SALE-FOTO-accept-992x1536.jpg 992w, https:\/\/www.ist2000.com\/wp-content\/uploads\/2024\/03\/SALE-FOTO-accept-8x12.jpg 8w\" sizes=\"auto, (max-width: 1116px) 100vw, 1116px\" \/>\n            <\/a>\n          <\/div>\n        <\/div>\n      <\/div>\n      <\/div><div class=\"divider-wrap\" data-alignment=\"default\"><div style=\"height: 15px;\" class=\"divider\"><\/div><\/div>\n<div class=\"wpb_text_column wpb_content_element\" >\n\t<div class=\"wpb_wrapper\">\n\t\t<h4 style=\"text-align: center;\">Selecci\u00f3n de sal<\/h4>\n\t<\/div>\n<\/div>\n\n\n\n\n\t\t<\/div> \n\t<\/div>\n\t<\/div> \n\n\t<div  class=\"vc_col-sm-6 wpb_column column_container vc_column_container col child_column padding-2-percent inherit_tablet inherit_phone\"   data-padding-pos=\"all\" data-has-bg-color=\"false\" data-bg-color=\"\" data-bg-opacity=\"1\" data-animation=\"\" data-delay=\"0\" >\n\t\t<div class=\"vc_column-inner\" >\n\t\t<div class=\"wpb_wrapper\">\n\t\t\t<div class=\"img-with-aniamtion-wrap center\" data-max-width=\"100%\" data-max-width-mobile=\"default\" data-shadow=\"none\" data-animation=\"fade-in\" >\n      <div class=\"inner\">\n        <div class=\"hover-wrap\"> \n          <div class=\"hover-wrap-inner\">\n            <a href=\"https:\/\/www.ist2000.com\/wp-content\/uploads\/2024\/03\/SALE-FOTO-reject.jpg\" class=\"pp center\">\n              <img loading=\"lazy\" decoding=\"async\" class=\"img-with-animation skip-lazy\" data-delay=\"0\" height=\"1730\" width=\"1114\" data-animation=\"fade-in\" src=\"https:\/\/www.ist2000.com\/wp-content\/uploads\/2024\/03\/SALE-FOTO-reject.jpg\" alt=\"\" srcset=\"https:\/\/www.ist2000.com\/wp-content\/uploads\/2024\/03\/SALE-FOTO-reject.jpg 1114w, https:\/\/www.ist2000.com\/wp-content\/uploads\/2024\/03\/SALE-FOTO-reject-193x300.jpg 193w, https:\/\/www.ist2000.com\/wp-content\/uploads\/2024\/03\/SALE-FOTO-reject-659x1024.jpg 659w, https:\/\/www.ist2000.com\/wp-content\/uploads\/2024\/03\/SALE-FOTO-reject-768x1193.jpg 768w, https:\/\/www.ist2000.com\/wp-content\/uploads\/2024\/03\/SALE-FOTO-reject-989x1536.jpg 989w, https:\/\/www.ist2000.com\/wp-content\/uploads\/2024\/03\/SALE-FOTO-reject-8x12.jpg 8w\" sizes=\"auto, (max-width: 1114px) 100vw, 1114px\" \/>\n            <\/a>\n          <\/div>\n        <\/div>\n      <\/div>\n      <\/div><div class=\"divider-wrap\" data-alignment=\"default\"><div style=\"height: 15px;\" class=\"divider\"><\/div><\/div>\n<div class=\"wpb_text_column wpb_content_element\" >\n\t<div class=\"wpb_wrapper\">\n\t\t<h4 style=\"text-align: center;\">Residuos de sal<\/h4>\n\t<\/div>\n<\/div>\n\n\n\n\n\t\t<\/div> \n\t<\/div>\n\t<\/div> \n<\/div><\/div><div id=\"fws_69ea150d840c6\" data-midnight=\"\" data-column-margin=\"default\" class=\"wpb_row vc_row-fluid vc_row inner_row\"  style=\"\"><div class=\"row-bg-wrap\"> <div class=\"row-bg\" ><\/div> <\/div><div class=\"row_col_wrap_12_inner col span_12  left\">\n\t<div  class=\"vc_col-sm-6 wpb_column column_container vc_column_container col child_column padding-2-percent inherit_tablet inherit_phone\"   data-padding-pos=\"all\" data-has-bg-color=\"false\" data-bg-color=\"\" data-bg-opacity=\"1\" data-animation=\"\" data-delay=\"0\" >\n\t\t<div class=\"vc_column-inner\" >\n\t\t<div class=\"wpb_wrapper\">\n\t\t\t<div class=\"img-with-aniamtion-wrap center\" data-max-width=\"100%\" data-max-width-mobile=\"default\" data-shadow=\"none\" data-animation=\"fade-in\" >\n      <div class=\"inner\">\n        <div class=\"hover-wrap\"> \n          <div class=\"hover-wrap-inner\">\n            <a href=\"https:\/\/www.ist2000.com\/wp-content\/uploads\/2024\/03\/FullSizeRender-3-ACCEPT.jpg\" class=\"pp center\">\n              <img loading=\"lazy\" decoding=\"async\" class=\"img-with-animation skip-lazy\" data-delay=\"0\" height=\"1976\" width=\"1304\" data-animation=\"fade-in\" src=\"https:\/\/www.ist2000.com\/wp-content\/uploads\/2024\/03\/FullSizeRender-3-ACCEPT.jpg\" alt=\"\" srcset=\"https:\/\/www.ist2000.com\/wp-content\/uploads\/2024\/03\/FullSizeRender-3-ACCEPT.jpg 1304w, https:\/\/www.ist2000.com\/wp-content\/uploads\/2024\/03\/FullSizeRender-3-ACCEPT-198x300.jpg 198w, https:\/\/www.ist2000.com\/wp-content\/uploads\/2024\/03\/FullSizeRender-3-ACCEPT-676x1024.jpg 676w, https:\/\/www.ist2000.com\/wp-content\/uploads\/2024\/03\/FullSizeRender-3-ACCEPT-768x1164.jpg 768w, https:\/\/www.ist2000.com\/wp-content\/uploads\/2024\/03\/FullSizeRender-3-ACCEPT-1014x1536.jpg 1014w, https:\/\/www.ist2000.com\/wp-content\/uploads\/2024\/03\/FullSizeRender-3-ACCEPT-8x12.jpg 8w\" sizes=\"auto, (max-width: 1304px) 100vw, 1304px\" \/>\n            <\/a>\n          <\/div>\n        <\/div>\n      <\/div>\n      <\/div><div class=\"divider-wrap\" data-alignment=\"default\"><div style=\"height: 15px;\" class=\"divider\"><\/div><\/div>\n<div class=\"wpb_text_column wpb_content_element\" >\n\t<div class=\"wpb_wrapper\">\n\t\t<h4 style=\"text-align: center;\">Selecci\u00f3n de sal<\/h4>\n\t<\/div>\n<\/div>\n\n\n\n\n\t\t<\/div> \n\t<\/div>\n\t<\/div> \n\n\t<div  class=\"vc_col-sm-6 wpb_column column_container vc_column_container col child_column padding-2-percent inherit_tablet inherit_phone\"   data-padding-pos=\"all\" data-has-bg-color=\"false\" data-bg-color=\"\" data-bg-opacity=\"1\" data-animation=\"\" data-delay=\"0\" >\n\t\t<div class=\"vc_column-inner\" >\n\t\t<div class=\"wpb_wrapper\">\n\t\t\t<div class=\"img-with-aniamtion-wrap center\" data-max-width=\"100%\" data-max-width-mobile=\"default\" data-shadow=\"none\" data-animation=\"fade-in\" >\n      <div class=\"inner\">\n        <div class=\"hover-wrap\"> \n          <div class=\"hover-wrap-inner\">\n            <a href=\"https:\/\/www.ist2000.com\/wp-content\/uploads\/2024\/03\/FullSizeRender-3-REJECT.jpg\" class=\"pp center\">\n              <img loading=\"lazy\" decoding=\"async\" class=\"img-with-animation skip-lazy\" data-delay=\"0\" height=\"1978\" width=\"1303\" data-animation=\"fade-in\" src=\"https:\/\/www.ist2000.com\/wp-content\/uploads\/2024\/03\/FullSizeRender-3-REJECT.jpg\" alt=\"\" srcset=\"https:\/\/www.ist2000.com\/wp-content\/uploads\/2024\/03\/FullSizeRender-3-REJECT.jpg 1303w, https:\/\/www.ist2000.com\/wp-content\/uploads\/2024\/03\/FullSizeRender-3-REJECT-198x300.jpg 198w, https:\/\/www.ist2000.com\/wp-content\/uploads\/2024\/03\/FullSizeRender-3-REJECT-675x1024.jpg 675w, https:\/\/www.ist2000.com\/wp-content\/uploads\/2024\/03\/FullSizeRender-3-REJECT-768x1166.jpg 768w, https:\/\/www.ist2000.com\/wp-content\/uploads\/2024\/03\/FullSizeRender-3-REJECT-1012x1536.jpg 1012w, https:\/\/www.ist2000.com\/wp-content\/uploads\/2024\/03\/FullSizeRender-3-REJECT-8x12.jpg 8w\" sizes=\"auto, (max-width: 1303px) 100vw, 1303px\" \/>\n            <\/a>\n          <\/div>\n        <\/div>\n      <\/div>\n      <\/div><div class=\"divider-wrap\" data-alignment=\"default\"><div style=\"height: 15px;\" class=\"divider\"><\/div><\/div>\n<div class=\"wpb_text_column wpb_content_element\" >\n\t<div class=\"wpb_wrapper\">\n\t\t<h4 style=\"text-align: center;\">Residuos de sal<\/h4>\n\t<\/div>\n<\/div>\n\n\n\n\n\t\t<\/div> \n\t<\/div>\n\t<\/div> \n<\/div><\/div><div id=\"fws_69ea150d856de\" data-midnight=\"\" data-column-margin=\"default\" class=\"wpb_row vc_row-fluid vc_row inner_row\"  style=\"\"><div class=\"row-bg-wrap\"> <div class=\"row-bg\" ><\/div> <\/div><div class=\"row_col_wrap_12_inner col span_12  left\">\n\t<div  class=\"vc_col-sm-6 wpb_column column_container vc_column_container col child_column padding-2-percent inherit_tablet inherit_phone\"   data-padding-pos=\"all\" data-has-bg-color=\"false\" data-bg-color=\"\" data-bg-opacity=\"1\" data-animation=\"\" data-delay=\"0\" >\n\t\t<div class=\"vc_column-inner\" >\n\t\t<div class=\"wpb_wrapper\">\n\t\t\t<div class=\"img-with-aniamtion-wrap center\" data-max-width=\"100%\" data-max-width-mobile=\"default\" data-shadow=\"none\" data-animation=\"fade-in\" >\n      <div class=\"inner\">\n        <div class=\"hover-wrap\"> \n          <div class=\"hover-wrap-inner\">\n            <a href=\"https:\/\/www.ist2000.com\/wp-content\/uploads\/2024\/03\/IMG_0762-scaled.jpg\" class=\"pp center\">\n              <img loading=\"lazy\" decoding=\"async\" class=\"img-with-animation skip-lazy\" data-delay=\"0\" height=\"2560\" width=\"1770\" data-animation=\"fade-in\" src=\"https:\/\/www.ist2000.com\/wp-content\/uploads\/2024\/03\/IMG_0762-scaled.jpg\" alt=\"\" srcset=\"https:\/\/www.ist2000.com\/wp-content\/uploads\/2024\/03\/IMG_0762-scaled.jpg 1770w, https:\/\/www.ist2000.com\/wp-content\/uploads\/2024\/03\/IMG_0762-207x300.jpg 207w, https:\/\/www.ist2000.com\/wp-content\/uploads\/2024\/03\/IMG_0762-708x1024.jpg 708w, https:\/\/www.ist2000.com\/wp-content\/uploads\/2024\/03\/IMG_0762-768x1111.jpg 768w, https:\/\/www.ist2000.com\/wp-content\/uploads\/2024\/03\/IMG_0762-1062x1536.jpg 1062w, https:\/\/www.ist2000.com\/wp-content\/uploads\/2024\/03\/IMG_0762-1416x2048.jpg 1416w, https:\/\/www.ist2000.com\/wp-content\/uploads\/2024\/03\/IMG_0762-8x12.jpg 8w\" sizes=\"auto, (max-width: 1770px) 100vw, 1770px\" \/>\n            <\/a>\n          <\/div>\n        <\/div>\n      <\/div>\n      <\/div><div class=\"divider-wrap\" data-alignment=\"default\"><div style=\"height: 15px;\" class=\"divider\"><\/div><\/div>\n<div class=\"wpb_text_column wpb_content_element\" >\n\t<div class=\"wpb_wrapper\">\n\t\t<h4 style=\"text-align: center;\">Selecci\u00f3n de sal<\/h4>\n\t<\/div>\n<\/div>\n\n\n\n\n\t\t<\/div> \n\t<\/div>\n\t<\/div> \n\n\t<div  class=\"vc_col-sm-6 wpb_column column_container vc_column_container col child_column padding-2-percent inherit_tablet inherit_phone\"   data-padding-pos=\"all\" data-has-bg-color=\"false\" data-bg-color=\"\" data-bg-opacity=\"1\" data-animation=\"\" data-delay=\"0\" >\n\t\t<div class=\"vc_column-inner\" >\n\t\t<div class=\"wpb_wrapper\">\n\t\t\t<div class=\"img-with-aniamtion-wrap center\" data-max-width=\"100%\" data-max-width-mobile=\"default\" data-shadow=\"none\" data-animation=\"fade-in\" >\n      <div class=\"inner\">\n        <div class=\"hover-wrap\"> \n          <div class=\"hover-wrap-inner\">\n            <a href=\"https:\/\/www.ist2000.com\/wp-content\/uploads\/2024\/03\/IMG_0763-scaled.jpg\" class=\"pp center\">\n              <img loading=\"lazy\" decoding=\"async\" class=\"img-with-animation skip-lazy\" data-delay=\"0\" height=\"2560\" width=\"1769\" data-animation=\"fade-in\" src=\"https:\/\/www.ist2000.com\/wp-content\/uploads\/2024\/03\/IMG_0763-scaled.jpg\" alt=\"\" srcset=\"https:\/\/www.ist2000.com\/wp-content\/uploads\/2024\/03\/IMG_0763-scaled.jpg 1769w, https:\/\/www.ist2000.com\/wp-content\/uploads\/2024\/03\/IMG_0763-207x300.jpg 207w, https:\/\/www.ist2000.com\/wp-content\/uploads\/2024\/03\/IMG_0763-708x1024.jpg 708w, https:\/\/www.ist2000.com\/wp-content\/uploads\/2024\/03\/IMG_0763-768x1111.jpg 768w, https:\/\/www.ist2000.com\/wp-content\/uploads\/2024\/03\/IMG_0763-1061x1536.jpg 1061w, https:\/\/www.ist2000.com\/wp-content\/uploads\/2024\/03\/IMG_0763-1415x2048.jpg 1415w, https:\/\/www.ist2000.com\/wp-content\/uploads\/2024\/03\/IMG_0763-8x12.jpg 8w\" sizes=\"auto, (max-width: 1769px) 100vw, 1769px\" \/>\n            <\/a>\n          <\/div>\n        <\/div>\n      <\/div>\n      <\/div><div class=\"divider-wrap\" data-alignment=\"default\"><div style=\"height: 15px;\" class=\"divider\"><\/div><\/div>\n<div class=\"wpb_text_column wpb_content_element\" >\n\t<div class=\"wpb_wrapper\">\n\t\t<h4 style=\"text-align: center;\">Residuos de sal<\/h4>\n\t<\/div>\n<\/div>\n\n\n\n\n\t\t<\/div> \n\t<\/div>\n\t<\/div> \n<\/div><\/div>\n\t\t\t<\/div> \n\t\t<\/div>\n\t<\/div> \n\n\t<div  class=\"vc_col-sm-6 wpb_column column_container vc_column_container col padding-3-percent inherit_tablet inherit_phone\"  data-padding-pos=\"all\" data-has-bg-color=\"false\" data-bg-color=\"\" data-bg-opacity=\"1\" data-animation=\"\" data-delay=\"0\" >\n\t\t<div class=\"vc_column-inner\" >\n\t\t\t<div class=\"wpb_wrapper\">\n\t\t\t\t<h2 style=\"color: #00787f;text-align: left;font-family:Abril Fatface;font-weight:400;font-style:normal\" class=\"vc_custom_heading vc_do_custom_heading\" >Instalaciones<\/h2><div class=\"img-with-aniamtion-wrap\" data-max-width=\"100%\" data-max-width-mobile=\"default\" data-shadow=\"none\" data-animation=\"fade-in\" >\n      <div class=\"inner\">\n        <div class=\"hover-wrap\"> \n          <div class=\"hover-wrap-inner\">\n            <img loading=\"lazy\" decoding=\"async\" class=\"img-with-animation skip-lazy\" data-delay=\"0\" height=\"1920\" width=\"2560\" data-animation=\"fade-in\" src=\"https:\/\/www.ist2000.com\/wp-content\/uploads\/2024\/03\/Picutre-Infinity-Plus-for-salt-scaled.jpg\" alt=\"\" srcset=\"https:\/\/www.ist2000.com\/wp-content\/uploads\/2024\/03\/Picutre-Infinity-Plus-for-salt-scaled.jpg 2560w, https:\/\/www.ist2000.com\/wp-content\/uploads\/2024\/03\/Picutre-Infinity-Plus-for-salt-300x225.jpg 300w, https:\/\/www.ist2000.com\/wp-content\/uploads\/2024\/03\/Picutre-Infinity-Plus-for-salt-1024x768.jpg 1024w, https:\/\/www.ist2000.com\/wp-content\/uploads\/2024\/03\/Picutre-Infinity-Plus-for-salt-768x576.jpg 768w, https:\/\/www.ist2000.com\/wp-content\/uploads\/2024\/03\/Picutre-Infinity-Plus-for-salt-1536x1152.jpg 1536w, https:\/\/www.ist2000.com\/wp-content\/uploads\/2024\/03\/Picutre-Infinity-Plus-for-salt-2048x1536.jpg 2048w, https:\/\/www.ist2000.com\/wp-content\/uploads\/2024\/03\/Picutre-Infinity-Plus-for-salt-16x12.jpg 16w\" sizes=\"auto, (max-width: 2560px) 100vw, 2560px\" \/>\n          <\/div>\n        <\/div>\n      <\/div>\n    <\/div>\n<div class=\"wpb_text_column wpb_content_element\" >\n\t<div class=\"wpb_wrapper\">\n\t\t<p>Las clasificadoras \u00f3pticas Infinity Plus tambi\u00e9n pueden equiparse con una estructura completamente de acero inoxidable, para poder trabajar en ambientes donde se procesan productos particularmente agresivos, como la sal.<\/p>\n\t<\/div>\n<\/div>\n\n\n\n<div class=\"divider-wrap\" data-alignment=\"default\"><div style=\"height: 25px;\" class=\"divider\"><\/div><\/div><div class=\"img-with-aniamtion-wrap\" data-max-width=\"100%\" data-max-width-mobile=\"default\" data-shadow=\"none\" data-animation=\"fade-in\" >\n      <div class=\"inner\">\n        <div class=\"hover-wrap\"> \n          <div class=\"hover-wrap-inner\">\n            <img loading=\"lazy\" decoding=\"async\" class=\"img-with-animation skip-lazy\" data-delay=\"0\" height=\"1920\" width=\"2560\" data-animation=\"fade-in\" src=\"https:\/\/www.ist2000.com\/wp-content\/uploads\/2024\/03\/PICTURE-FOR-MAGAZINE-2-scaled.jpg\" alt=\"\" srcset=\"https:\/\/www.ist2000.com\/wp-content\/uploads\/2024\/03\/PICTURE-FOR-MAGAZINE-2-scaled.jpg 2560w, https:\/\/www.ist2000.com\/wp-content\/uploads\/2024\/03\/PICTURE-FOR-MAGAZINE-2-300x225.jpg 300w, https:\/\/www.ist2000.com\/wp-content\/uploads\/2024\/03\/PICTURE-FOR-MAGAZINE-2-1024x768.jpg 1024w, https:\/\/www.ist2000.com\/wp-content\/uploads\/2024\/03\/PICTURE-FOR-MAGAZINE-2-768x576.jpg 768w, https:\/\/www.ist2000.com\/wp-content\/uploads\/2024\/03\/PICTURE-FOR-MAGAZINE-2-1536x1152.jpg 1536w, https:\/\/www.ist2000.com\/wp-content\/uploads\/2024\/03\/PICTURE-FOR-MAGAZINE-2-2048x1536.jpg 2048w, https:\/\/www.ist2000.com\/wp-content\/uploads\/2024\/03\/PICTURE-FOR-MAGAZINE-2-16x12.jpg 16w\" sizes=\"auto, (max-width: 2560px) 100vw, 2560px\" \/>\n          <\/div>\n        <\/div>\n      <\/div>\n    <\/div>\n\t\t\t<\/div> \n\t\t<\/div>\n\t<\/div> \n<\/div><\/div>","protected":false},"excerpt":{"rendered":"Minerales Las clasificadoras Infinity Plus, gracias a un control preciso mediante el uso combinado de tecnolog\u00eda de color e infrarrojos, permiten seleccionar productos minerales como la sal con alta eficiencia....","protected":false},"author":3,"featured_media":0,"parent":0,"menu_order":0,"comment_status":"closed","ping_status":"closed","template":"","meta":{"footnotes":""},"class_list":["post-339","page","type-page","status-publish"],"_links":{"self":[{"href":"https:\/\/www.ist2000.com\/es\/wp-json\/wp\/v2\/pages\/339","targetHints":{"allow":["GET"]}}],"collection":[{"href":"https:\/\/www.ist2000.com\/es\/wp-json\/wp\/v2\/pages"}],"about":[{"href":"https:\/\/www.ist2000.com\/es\/wp-json\/wp\/v2\/types\/page"}],"author":[{"embeddable":true,"href":"https:\/\/www.ist2000.com\/es\/wp-json\/wp\/v2\/users\/3"}],"replies":[{"embeddable":true,"href":"https:\/\/www.ist2000.com\/es\/wp-json\/wp\/v2\/comments?post=339"}],"version-history":[{"count":12,"href":"https:\/\/www.ist2000.com\/es\/wp-json\/wp\/v2\/pages\/339\/revisions"}],"predecessor-version":[{"id":773,"href":"https:\/\/www.ist2000.com\/es\/wp-json\/wp\/v2\/pages\/339\/revisions\/773"}],"wp:attachment":[{"href":"https:\/\/www.ist2000.com\/es\/wp-json\/wp\/v2\/media?parent=339"}],"curies":[{"name":"wp","href":"https:\/\/api.w.org\/{rel}","templated":true}]}}