{"id":3,"date":"2021-03-15T15:44:37","date_gmt":"2021-03-15T14:44:37","guid":{"rendered":"http:\/\/www.ist2000.com\/?page_id=3"},"modified":"2022-04-06T14:04:00","modified_gmt":"2022-04-06T12:04:00","slug":"privacy-policy","status":"publish","type":"page","link":"https:\/\/www.ist2000.com\/es\/privacy-policy\/","title":{"rendered":"Pol\u00edtica de privacidad"},"content":{"rendered":"<h1 class=\"wp-block-heading\">Pol\u00edtica de privacidad<\/h1>\r\n<h2>Pagina en construcci\u00f3n<\/h2>","protected":false},"excerpt":{"rendered":"<p>Pol\u00edtica de privacidad P\u00e1gina en construcci\u00f3n<\/p>","protected":false},"author":1,"featured_media":0,"parent":0,"menu_order":0,"comment_status":"closed","ping_status":"open","template":"","meta":{"footnotes":""},"class_list":["post-3","page","type-page","status-publish"],"_links":{"self":[{"href":"https:\/\/www.ist2000.com\/es\/wp-json\/wp\/v2\/pages\/3","targetHints":{"allow":["GET"]}}],"collection":[{"href":"https:\/\/www.ist2000.com\/es\/wp-json\/wp\/v2\/pages"}],"about":[{"href":"https:\/\/www.ist2000.com\/es\/wp-json\/wp\/v2\/types\/page"}],"author":[{"embeddable":true,"href":"https:\/\/www.ist2000.com\/es\/wp-json\/wp\/v2\/users\/1"}],"replies":[{"embeddable":true,"href":"https:\/\/www.ist2000.com\/es\/wp-json\/wp\/v2\/comments?post=3"}],"version-history":[{"count":3,"href":"https:\/\/www.ist2000.com\/es\/wp-json\/wp\/v2\/pages\/3\/revisions"}],"predecessor-version":[{"id":502,"href":"https:\/\/www.ist2000.com\/es\/wp-json\/wp\/v2\/pages\/3\/revisions\/502"}],"wp:attachment":[{"href":"https:\/\/www.ist2000.com\/es\/wp-json\/wp\/v2\/media?parent=3"}],"curies":[{"name":"wp","href":"https:\/\/api.w.org\/{rel}","templated":true}]}}