{"id":24,"date":"2021-09-23T08:37:49","date_gmt":"2021-09-23T06:37:49","guid":{"rendered":"https:\/\/www.ist2000.com\/?page_id=24"},"modified":"2025-05-08T09:19:52","modified_gmt":"2025-05-08T07:19:52","slug":"azienda","status":"publish","type":"page","link":"https:\/\/www.ist2000.com\/es\/azienda\/","title":{"rendered":"Acerca de nosotros"},"content":{"rendered":"<div id=\"fws_69d991ab360db\"  data-column-margin=\"default\" data-midnight=\"dark\"  class=\"wpb_row vc_row-fluid vc_row full-width-content vc_row-o-equal-height vc_row-flex vc_row-o-content-middle\"  style=\"padding-top: 0px; padding-bottom: 0px; \"><div class=\"row-bg-wrap\" data-bg-animation=\"none\" data-bg-animation-delay=\"\" data-bg-overlay=\"false\"><div class=\"inner-wrap row-bg-layer\" ><div class=\"row-bg viewport-desktop using-bg-color\"  style=\"background-color: #ffffff; \"><\/div><\/div><\/div><div class=\"row_col_wrap_12 col span_12 dark left\">\n\t<div  class=\"vc_col-sm-6 wpb_column column_container vc_column_container col padding-5-percent inherit_tablet inherit_phone\"  data-padding-pos=\"all\" data-has-bg-color=\"false\" data-bg-color=\"\" data-bg-opacity=\"1\" data-animation=\"\" data-delay=\"0\" >\n\t\t<div class=\"vc_column-inner\" >\n\t\t\t<div class=\"wpb_wrapper\">\n\t\t\t\t<div id=\"fws_69d991ab369df\" data-midnight=\"\" data-column-margin=\"default\" class=\"wpb_row vc_row-fluid vc_row inner_row\"  style=\"\"><div class=\"row-bg-wrap\"> <div class=\"row-bg\" ><\/div> <\/div><div class=\"row_col_wrap_12_inner col span_12  left\">\n\t<div  class=\"vc_col-sm-12 wpb_column column_container vc_column_container col child_column has-animation no-extra-padding inherit_tablet inherit_phone\"   data-padding-pos=\"all\" data-has-bg-color=\"false\" data-bg-color=\"\" data-bg-opacity=\"1\" data-animation=\"fade-in-from-bottom\" data-delay=\"0\" >\n\t\t<div class=\"vc_column-inner\" >\n\t\t<div class=\"wpb_wrapper\">\n\t\t\t<h5 style=\"color: #00787f;text-align: left\" class=\"vc_custom_heading vc_do_custom_heading\" >Quienes somos<\/h5><h2 style=\"text-align: left\" class=\"vc_custom_heading vc_do_custom_heading\" >La empresa<\/h2>\n<div class=\"wpb_text_column wpb_content_element  vc_custom_1705999378425\" >\n\t<div class=\"wpb_wrapper\">\n\t\t<p><strong>Tecnolog\u00edas de clasificaci\u00f3n italianas IST <\/strong>es una empresa orgullosa del Made in Italy que dise\u00f1a y construye <strong>CLASIFICADORAS \u00d3PTICAS ELECTR\u00d3NICAS<\/strong> de \u00faltima generaci\u00f3n para la clasificaci\u00f3n y selecci\u00f3n de cualquier tipo de producto seco y granulado como cereales, legumbres, semillas, frutos secos, frutos deshidratados, casta\u00f1as, minerales, as\u00ed como materiales reciclables como copos y granulados de pl\u00e1stico, metales, etc.<\/p>\n<p>IST ofrece una amplia gama de modelos, cada uno de los cuales est\u00e1 dise\u00f1ado espec\u00edficamente en funci\u00f3n de las caracter\u00edsticas del producto a seleccionar. Cada aspecto del dise\u00f1o de las clasificadoras, tanto desde el punto de vista mec\u00e1nico como de software, se lleva a cabo en 100% en nuestras oficinas. <strong>investigaci\u00f3n y desarrollo<\/strong> que son capaces de producir actualizaciones frecuentes que siempre son compatibles con modelos anteriores.<\/p>\n\t<\/div>\n<\/div>\n\n\n\n\n\t\t<\/div> \n\t<\/div>\n\t<\/div> \n<\/div><\/div>\n\t\t\t<\/div> \n\t\t<\/div>\n\t<\/div> \n\n\t<div style=\"\" class=\"vc_col-sm-6 wpb_column column_container vc_column_container col no-extra-padding inherit_tablet inherit_phone\" data-using-bg=\"true\" data-bg-cover=\"true\" data-padding-pos=\"all\" data-has-bg-color=\"false\" data-bg-color=\"\" data-bg-opacity=\"1\" data-animation=\"\" data-delay=\"0\" >\n\t\t<div class=\"vc_column-inner\" ><div class=\"column-image-bg-wrap column-bg-layer viewport-desktop\" data-bg-pos=\"center center\" data-bg-animation=\"none\" data-bg-overlay=\"false\"><div class=\"inner-wrap\"><div class=\"column-image-bg\" style=\" background-image: url('https:\/\/www.ist2000.com\/wp-content\/uploads\/2025\/05\/Foto-Ingresso-IST-scaled.jpg'); \"><\/div><\/div><\/div>\n\t\t\t<div class=\"wpb_wrapper\">\n\t\t\t\t\n\t\t\t<\/div> \n\t\t<\/div>\n\t<\/div> \n<\/div><\/div>\n\t\t<div id=\"fws_69d991ab38669\"  data-column-margin=\"default\" data-midnight=\"dark\"  class=\"wpb_row vc_row-fluid vc_row full-width-content vc_row-o-equal-height vc_row-flex vc_row-o-content-middle\"  style=\"padding-top: 0px; padding-bottom: 0px; \"><div class=\"row-bg-wrap\" data-bg-animation=\"none\" data-bg-animation-delay=\"\" data-bg-overlay=\"false\"><div class=\"inner-wrap row-bg-layer\" ><div class=\"row-bg viewport-desktop\"  style=\"\"><\/div><\/div><\/div><div class=\"row_col_wrap_12 col span_12 dark left\">\n\t<div  class=\"vc_col-sm-6 wpb_column column_container vc_column_container col no-extra-padding inherit_tablet inherit_phone\"  data-padding-pos=\"all\" data-has-bg-color=\"false\" data-bg-color=\"\" data-bg-opacity=\"1\" data-animation=\"\" data-delay=\"0\" >\n\t\t<div class=\"vc_column-inner\" >\n\t\t\t<div class=\"wpb_wrapper\">\n\t\t\t\t<div class=\"img-with-aniamtion-wrap center\" data-max-width=\"100%\" data-max-width-mobile=\"default\" data-shadow=\"none\" data-animation=\"none\" >\n      <div class=\"inner\">\n        <div class=\"hover-wrap\"> \n          <div class=\"hover-wrap-inner\">\n            <img loading=\"lazy\" decoding=\"async\" class=\"img-with-animation skip-lazy\" data-delay=\"0\" height=\"1091\" width=\"1079\" data-animation=\"none\" src=\"https:\/\/www.ist2000.com\/wp-content\/uploads\/2021\/11\/infinity-plus-modelli-ist.jpg\" alt=\"IST selezionatrice - pagina Azienda\" srcset=\"https:\/\/www.ist2000.com\/wp-content\/uploads\/2021\/11\/infinity-plus-modelli-ist.jpg 1079w, https:\/\/www.ist2000.com\/wp-content\/uploads\/2021\/11\/infinity-plus-modelli-ist-297x300.jpg 297w, https:\/\/www.ist2000.com\/wp-content\/uploads\/2021\/11\/infinity-plus-modelli-ist-1013x1024.jpg 1013w, https:\/\/www.ist2000.com\/wp-content\/uploads\/2021\/11\/infinity-plus-modelli-ist-768x777.jpg 768w, https:\/\/www.ist2000.com\/wp-content\/uploads\/2021\/11\/infinity-plus-modelli-ist-100x100.jpg 100w\" sizes=\"auto, (max-width: 1079px) 100vw, 1079px\" \/>\n          <\/div>\n        <\/div>\n      <\/div>\n    <\/div>\n\t\t\t<\/div> \n\t\t<\/div>\n\t<\/div> \n\n\t<div style=\"\" class=\"vc_col-sm-6 wpb_column column_container vc_column_container col padding-9-percent inherit_tablet inherit_phone\" data-using-bg=\"true\" data-padding-pos=\"all\" data-has-bg-color=\"true\" data-bg-color=\"#ffffff\" data-bg-opacity=\"1\" data-animation=\"\" data-delay=\"0\" >\n\t\t<div class=\"vc_column-inner\" ><div class=\"column-bg-overlay-wrap column-bg-layer\" data-bg-animation=\"none\"><div class=\"column-bg-overlay\" style=\"opacity: 1; background-color: #ffffff;\"><\/div><\/div>\n\t\t\t<div class=\"wpb_wrapper\">\n\t\t\t\t<div id=\"fws_69d991ab3980d\" data-midnight=\"\" data-column-margin=\"default\" class=\"wpb_row vc_row-fluid vc_row inner_row\"  style=\"\"><div class=\"row-bg-wrap\"> <div class=\"row-bg\" ><\/div> <\/div><div class=\"row_col_wrap_12_inner col span_12  left\">\n\t<div  class=\"vc_col-sm-12 wpb_column column_container vc_column_container col child_column has-animation no-extra-padding inherit_tablet inherit_phone\"   data-padding-pos=\"all\" data-has-bg-color=\"false\" data-bg-color=\"\" data-bg-opacity=\"1\" data-animation=\"fade-in-from-bottom\" data-delay=\"0\" >\n\t\t<div class=\"vc_column-inner\" >\n\t\t<div class=\"wpb_wrapper\">\n\t\t\t<h5 style=\"color: #00787f;text-align: left\" class=\"vc_custom_heading vc_do_custom_heading vc_custom_1705999520412\" >Nueva serie Infinity Plus<\/h5><h2 style=\"text-align: left\" class=\"vc_custom_heading vc_do_custom_heading\" >La clasificadora inteligente dise\u00f1ada para tus productos<\/h2><div class=\"divider-wrap\" data-alignment=\"default\"><div style=\"height: 16px;\" class=\"divider\"><\/div><\/div>\n<div class=\"wpb_text_column wpb_content_element  vc_custom_1705999797578\" >\n\t<div class=\"wpb_wrapper\">\n\t\t<p>Las clasificadoras \u00f3pticas Infinity Plus se dise\u00f1an en funci\u00f3n de los productos sobre los que tienen que trabajar: para el sector alimentario el primer objetivo es el control e identificaci\u00f3n de cualquier tipo de cuerpo extra\u00f1o, mientras que para todo el sector no alimentario como el En los sectores del pl\u00e1stico, minerales y metales, se antepone el uso de sistemas de visi\u00f3n capaces de distinguir diferentes materiales.<\/p>\n<p>Todas las clasificadoras se construyen seg\u00fan 100% en Italia utilizando materiales y tecnolog\u00edas de <strong>origen europeo exclusivo<\/strong>, que son garant\u00eda de<strong> calidad y fiabilidad<\/strong>, as\u00ed como garantizar la disponibilidad de cada repuesto.<\/p>\n<p>IST est\u00e1 equipado con un<strong> red de tecnicos<\/strong> Listo para intervenir en cada tipo de necesidad del cliente, desde la creaci\u00f3n de nuevas recetas de trabajo hasta la resoluci\u00f3n de cualquier problema t\u00e9cnico.<\/p>\n\t<\/div>\n<\/div>\n\n\n\n<a class=\"nectar-button large see-through-2\"  role=\"button\" style=\"margin-top: 30px; \"  href=\"https:\/\/www.ist2000.com\/es\/modelli\/\" data-color-override=\"false\" data-hover-color-override=\"false\" data-hover-text-color-override=\"#ffffff\"><span>Nuestros modelos<\/span><\/a>\n\t\t<\/div> \n\t<\/div>\n\t<\/div> \n<\/div><\/div>\n\t\t\t<\/div> \n\t\t<\/div>\n\t<\/div> \n<\/div><\/div>\n\t\t<div id=\"fws_69d991ab3aad8\"  data-column-margin=\"default\" data-midnight=\"dark\" data-top-percent=\"5%\" data-bottom-percent=\"7%\"  class=\"wpb_row vc_row-fluid vc_row full-width-section\"  style=\"padding-top: calc(100vw * 0.05); padding-bottom: calc(100vw * 0.07); \"><div class=\"row-bg-wrap\" data-bg-animation=\"none\" data-bg-animation-delay=\"\" data-bg-overlay=\"false\"><div class=\"inner-wrap row-bg-layer using-image\" ><div class=\"row-bg viewport-desktop using-image\"  style=\"background-image: url(https:\/\/www.ist2000.com\/wp-content\/uploads\/2022\/01\/teleassistenza-ist-sort.jpg); background-position: right center; background-repeat: no-repeat; \"><\/div><\/div><\/div><div class=\"row_col_wrap_12 col span_12 dark left\">\n\t<div  class=\"vc_col-sm-3 wpb_column column_container vc_column_container col no-extra-padding inherit_tablet inherit_phone\"  data-padding-pos=\"all\" data-has-bg-color=\"false\" data-bg-color=\"\" data-bg-opacity=\"1\" data-animation=\"\" data-delay=\"0\" >\n\t\t<div class=\"vc_column-inner\" >\n\t\t\t<div class=\"wpb_wrapper\">\n\t\t\t\t\n<div class=\"wpb_text_column wpb_content_element\" >\n\t<div class=\"wpb_wrapper\">\n\t\t<h3><span style=\"color: #000000;\"><strong>ASISTENCIA REMOTA EN TIEMPO REAL<\/strong><\/span><\/h3>\n<p class=\" translation-block\"><span style=\"color: #000000\">Sin necesidad de cablear el entorno de trabajo, el clasificador \u00f3ptico se puede conectar a Internet, lo que permite a los t\u00e9cnicos de IST intervenir de <strong>forma remota<\/strong> en la resoluci\u00f3n de problemas potenciales identificados por el sistema de detecci\u00f3n de errores a trav\u00e9s de un <strong>autodiagn\u00f3stico<\/strong> de la maquinaria.<\/span><\/p>\n<p><span style=\"color: #000000;\">Nuestra asistencia remota se lleva a cabo en tiempo real y se extiende tambi\u00e9n a la puesta en marcha de nuestro Infinity Plus: para nuestro equipo, ninguna distancia es infranqueable cuando un clasificador \u00f3ptico est\u00e1 conectado a la red.<\/span><\/p>\n\t<\/div>\n<\/div>\n\n\n\n<div class=\"divider-wrap\" data-alignment=\"default\"><div style=\"height: 30px;\" class=\"divider\"><\/div><\/div>\n\t\t\t<\/div> \n\t\t<\/div>\n\t<\/div> \n\n\t<div  class=\"vc_col-sm-9 wpb_column column_container vc_column_container col no-extra-padding inherit_tablet inherit_phone\"  data-padding-pos=\"all\" data-has-bg-color=\"false\" data-bg-color=\"\" data-bg-opacity=\"1\" data-animation=\"\" data-delay=\"0\" >\n\t\t<div class=\"vc_column-inner\" >\n\t\t\t<div class=\"wpb_wrapper\">\n\t\t\t\t\n\t\t\t<\/div> \n\t\t<\/div>\n\t<\/div> \n<\/div><\/div>","protected":false},"excerpt":{"rendered":"Qui\u00e9nes somosLa empresa IST Italian Sorting Technologies es una orgullosa empresa Made in Italy que dise\u00f1a y construye M\u00c1QUINAS CLASIFICAdoras \u00d3PTICAS ELECTR\u00d3NICAS de \u00faltima generaci\u00f3n para la clasificaci\u00f3n y selecci\u00f3n de...","protected":false},"author":2,"featured_media":0,"parent":0,"menu_order":0,"comment_status":"closed","ping_status":"closed","template":"","meta":{"footnotes":""},"class_list":["post-24","page","type-page","status-publish"],"_links":{"self":[{"href":"https:\/\/www.ist2000.com\/es\/wp-json\/wp\/v2\/pages\/24","targetHints":{"allow":["GET"]}}],"collection":[{"href":"https:\/\/www.ist2000.com\/es\/wp-json\/wp\/v2\/pages"}],"about":[{"href":"https:\/\/www.ist2000.com\/es\/wp-json\/wp\/v2\/types\/page"}],"author":[{"embeddable":true,"href":"https:\/\/www.ist2000.com\/es\/wp-json\/wp\/v2\/users\/2"}],"replies":[{"embeddable":true,"href":"https:\/\/www.ist2000.com\/es\/wp-json\/wp\/v2\/comments?post=24"}],"version-history":[{"count":15,"href":"https:\/\/www.ist2000.com\/es\/wp-json\/wp\/v2\/pages\/24\/revisions"}],"predecessor-version":[{"id":811,"href":"https:\/\/www.ist2000.com\/es\/wp-json\/wp\/v2\/pages\/24\/revisions\/811"}],"wp:attachment":[{"href":"https:\/\/www.ist2000.com\/es\/wp-json\/wp\/v2\/media?parent=24"}],"curies":[{"name":"wp","href":"https:\/\/api.w.org\/{rel}","templated":true}]}}