{"id":198,"date":"2021-12-30T15:13:28","date_gmt":"2021-12-30T14:13:28","guid":{"rendered":"https:\/\/www.ist2000.com\/?page_id=198"},"modified":"2022-04-06T14:01:10","modified_gmt":"2022-04-06T12:01:10","slug":"informativa-sui-cookie","status":"publish","type":"page","link":"https:\/\/www.ist2000.com\/es\/informativa-sui-cookie\/","title":{"rendered":"Informaci\u00f3n sobre las cookies"},"content":{"rendered":"<h2><strong>COOKIES EN ESTE SITIO<\/strong><\/h2>\n<div class=\"BorlabsCookie\"><h3 class=\"_brlbs _brlbs-cg-essential\">B\u00e1sico<\/h3><p class=\"_brlbs _brlbs-cg-essential\">Las cookies esenciales permiten funciones b\u00e1sicas y son necesarias para que el sitio web funcione correctamente.<\/p><h4 class=\"_brlbs _brlbs-c-borlabs-cookie\">Galleta Borlabs<\/h4><div class=\"_brlbs-responsive-table\"><table class=\"_brlbs _brlbs-c-borlabs-cookie\"><tr><th scope=\"row\">Nombre de pila<\/th><td>Galleta Borlabs<\/td><\/tr><tr><th scope=\"row\">Proveedor<\/th><td>Propietario de este sitio web<\/td><\/tr><tr><th scope=\"row\">Alcance<\/th><td>Guarda las preferencias del visitante seleccionadas en el Cookie Box de Borlabs.<\/td><\/tr><tr><th scope=\"row\">Nombre de la galleta<\/th><td>galleta borlabs<\/td><\/tr><tr><th scope=\"row\">Caducidad de la cookie<\/th><td>1 a\u00f1o<\/td><\/tr><\/table><\/div><h3 class=\"_brlbs _brlbs-cg-statistics\">Estad\u00edsticas<\/h3><p class=\"_brlbs _brlbs-cg-statistics\">Las cookies con fines estad\u00edsticos recopilan informaci\u00f3n de forma an\u00f3nima. Esta informaci\u00f3n nos ayuda a entender c\u00f3mo nuestros visitantes usan nuestro sitio web.<\/p><h4 class=\"_brlbs _brlbs-c-google-analytics\">Google analitico<\/h4><div class=\"_brlbs-responsive-table\"><table class=\"_brlbs _brlbs-c-google-analytics\"><tr><th scope=\"row\">Nombre de pila<\/th><td>Google analitico<\/td><\/tr><tr><th scope=\"row\">Proveedor<\/th><td>Google LLC<\/td><\/tr><tr><th scope=\"row\">Alcance<\/th><td>Cookie de Google utilizada para el an\u00e1lisis del sitio web. Genera datos estad\u00edsticos sobre el uso del sitio web por parte del visitante.<\/td><\/tr><tr><th scope=\"row\">Pol\u00edtica de privacidad<\/th><td><a href=\"https:\/\/policies.google.com\/privacy?hl=en\" target=\"_blank\" rel=\"nofollow noopener noreferrer\">https:\/\/policies.google.com\/privacy?hl=en<\/a><\/td><\/tr><tr><th scope=\"row\">Nombre de la galleta<\/th><td>_ga, _gat, _gid<\/td><\/tr><tr><th scope=\"row\">Caducidad de la cookie<\/th><td>2 meses<\/td><\/tr><\/table><\/div><h3 class=\"_brlbs _brlbs-cg-marketing\">M\u00e1rketing<\/h3><p class=\"_brlbs _brlbs-cg-marketing\">Las cookies de marketing son utilizadas por anunciantes o editores de terceros para mostrar anuncios personalizados. Lo hacen rastreando a los visitantes a trav\u00e9s de los sitios web.<\/p><h3 class=\"_brlbs _brlbs-cg-external-media\">terceras partes<\/h3><p class=\"_brlbs _brlbs-cg-external-media\">El contenido de las plataformas de video y redes sociales est\u00e1 bloqueado de manera predeterminada. Si se aceptan cookies de terceros, el acceso a dichos contenidos ya no requiere el consentimiento manual.<\/p><h4 class=\"_brlbs _brlbs-c-facebook\">Facebook<\/h4><div class=\"_brlbs-responsive-table\"><table class=\"_brlbs _brlbs-c-facebook\"><tr><th scope=\"row\">Nombre de pila<\/th><td>Facebook<\/td><\/tr><tr><th scope=\"row\">Proveedor<\/th><td>Facebook<\/td><\/tr><tr><th scope=\"row\">Alcance<\/th><td>Se utiliza para desbloquear contenido de Facebook.<\/td><\/tr><tr><th scope=\"row\">Pol\u00edtica de privacidad<\/th><td><a href=\"https:\/\/www.facebook.com\/privacy\/explanation\" target=\"_blank\" rel=\"nofollow noopener noreferrer\">https:\/\/www.facebook.com\/privacy\/explanation<\/a><\/td><\/tr><tr><th scope=\"row\">Hospedadores)<\/th><td>.facebook.com<\/td><\/tr><\/table><\/div><h4 class=\"_brlbs _brlbs-c-googlemaps\">mapas de Google<\/h4><div class=\"_brlbs-responsive-table\"><table class=\"_brlbs _brlbs-c-googlemaps\"><tr><th scope=\"row\">Nombre de pila<\/th><td>mapas de Google<\/td><\/tr><tr><th scope=\"row\">Proveedor<\/th><td>Google<\/td><\/tr><tr><th scope=\"row\">Alcance<\/th><td>Se utiliza para desbloquear contenido de Google Maps.<\/td><\/tr><tr><th scope=\"row\">Pol\u00edtica de privacidad<\/th><td><a href=\"https:\/\/policies.google.com\/privacy?hl=en&#038;gl=en\" target=\"_blank\" rel=\"nofollow noopener noreferrer\">https:\/\/policies.google.com\/privacy?hl=en&#038;gl=en<\/a><\/td><\/tr><tr><th scope=\"row\">Hospedadores)<\/th><td>.Google.com<\/td><\/tr><tr><th scope=\"row\">Nombre de la galleta<\/th><td>DNI<\/td><\/tr><tr><th scope=\"row\">Caducidad de la cookie<\/th><td>6 meses<\/td><\/tr><\/table><\/div><h4 class=\"_brlbs _brlbs-c-instagram\">Instagram<\/h4><div class=\"_brlbs-responsive-table\"><table class=\"_brlbs _brlbs-c-instagram\"><tr><th scope=\"row\">Nombre de pila<\/th><td>Instagram<\/td><\/tr><tr><th scope=\"row\">Proveedor<\/th><td>Facebook<\/td><\/tr><tr><th scope=\"row\">Alcance<\/th><td>Se utiliza para desbloquear contenido de Instagram.<\/td><\/tr><tr><th scope=\"row\">Pol\u00edtica de privacidad<\/th><td><a href=\"https:\/\/www.instagram.com\/legal\/privacy\/\" target=\"_blank\" rel=\"nofollow noopener noreferrer\">https:\/\/www.instagram.com\/legal\/privacy\/<\/a><\/td><\/tr><tr><th scope=\"row\">Hospedadores)<\/th><td>.instagram.com<\/td><\/tr><tr><th scope=\"row\">Nombre de la galleta<\/th><td>estado_paloma<\/td><\/tr><tr><th scope=\"row\">Caducidad de la cookie<\/th><td>Sesi\u00f3n<\/td><\/tr><\/table><\/div><h4 class=\"_brlbs _brlbs-c-openstreetmap\">OpenStreetMap<\/h4><div class=\"_brlbs-responsive-table\"><table class=\"_brlbs _brlbs-c-openstreetmap\"><tr><th scope=\"row\">Nombre de pila<\/th><td>OpenStreetMap<\/td><\/tr><tr><th scope=\"row\">Proveedor<\/th><td>Fundaci\u00f3n OpenStreetMap<\/td><\/tr><tr><th scope=\"row\">Alcance<\/th><td>Se utiliza para desbloquear contenido de OpenStreetMap.<\/td><\/tr><tr><th scope=\"row\">Pol\u00edtica de privacidad<\/th><td><a href=\"https:\/\/wiki.osmfoundation.org\/wiki\/Privacy_Policy\" target=\"_blank\" rel=\"nofollow noopener noreferrer\">https:\/\/wiki.osmfoundation.org\/wiki\/Privacy_Policy<\/a><\/td><\/tr><tr><th scope=\"row\">Hospedadores)<\/th><td>.openstreetmap.org<\/td><\/tr><tr><th scope=\"row\">Nombre de la galleta<\/th><td>_osm_ubicaci\u00f3n, _osm_sesi\u00f3n, _osm_totp_token, _osm_welcome, _pk_id., _pk_ref., _pk_ses., qos_token<\/td><\/tr><tr><th scope=\"row\">Caducidad de la cookie<\/th><td>1-10 a\u00f1os<\/td><\/tr><\/table><\/div><h4 class=\"_brlbs _brlbs-c-twitter\">Gorjeo<\/h4><div class=\"_brlbs-responsive-table\"><table class=\"_brlbs _brlbs-c-twitter\"><tr><th scope=\"row\">Nombre de pila<\/th><td>Gorjeo<\/td><\/tr><tr><th scope=\"row\">Proveedor<\/th><td>Gorjeo<\/td><\/tr><tr><th scope=\"row\">Alcance<\/th><td>Se utiliza para desbloquear contenido de Twitter.<\/td><\/tr><tr><th scope=\"row\">Pol\u00edtica de privacidad<\/th><td><a href=\"https:\/\/twitter.com\/privacy\" target=\"_blank\" rel=\"nofollow noopener noreferrer\">https:\/\/twitter.com\/privacy<\/a><\/td><\/tr><tr><th scope=\"row\">Hospedadores)<\/th><td>.twimg.com, .twitter.com<\/td><\/tr><tr><th scope=\"row\">Nombre de la galleta<\/th><td>__widgetsettings, local_storage_support_test<\/td><\/tr><tr><th scope=\"row\">Caducidad de la cookie<\/th><td>Ilimitado<\/td><\/tr><\/table><\/div><h4 class=\"_brlbs _brlbs-c-vimeo\">Vimeo<\/h4><div class=\"_brlbs-responsive-table\"><table class=\"_brlbs _brlbs-c-vimeo\"><tr><th scope=\"row\">Nombre de pila<\/th><td>Vimeo<\/td><\/tr><tr><th scope=\"row\">Proveedor<\/th><td>Vimeo<\/td><\/tr><tr><th scope=\"row\">Alcance<\/th><td>Se utiliza para desbloquear contenido de Vimeo.<\/td><\/tr><tr><th scope=\"row\">Pol\u00edtica de privacidad<\/th><td><a href=\"https:\/\/vimeo.com\/privacy\" target=\"_blank\" rel=\"nofollow noopener noreferrer\">https:\/\/vimeo.com\/privacy<\/a><\/td><\/tr><tr><th scope=\"row\">Hospedadores)<\/th><td>reproductor.vimeo.com<\/td><\/tr><tr><th scope=\"row\">Nombre de la galleta<\/th><td>vac\u00edo<\/td><\/tr><tr><th scope=\"row\">Caducidad de la cookie<\/th><td>2 a\u00f1os<\/td><\/tr><\/table><\/div><h4 class=\"_brlbs _brlbs-c-youtube\">Youtube<\/h4><div class=\"_brlbs-responsive-table\"><table class=\"_brlbs _brlbs-c-youtube\"><tr><th scope=\"row\">Nombre de pila<\/th><td>Youtube<\/td><\/tr><tr><th scope=\"row\">Proveedor<\/th><td>Youtube<\/td><\/tr><tr><th scope=\"row\">Alcance<\/th><td>Se utiliza para desbloquear contenido de YouTube.<\/td><\/tr><tr><th scope=\"row\">Pol\u00edtica de privacidad<\/th><td><a href=\"https:\/\/policies.google.com\/privacy?hl=en&#038;gl=en\" target=\"_blank\" rel=\"nofollow noopener noreferrer\">https:\/\/policies.google.com\/privacy?hl=en&#038;gl=en<\/a><\/td><\/tr><tr><th scope=\"row\">Hospedadores)<\/th><td>Google.com<\/td><\/tr><tr><th scope=\"row\">Nombre de la galleta<\/th><td>DNI<\/td><\/tr><tr><th scope=\"row\">Caducidad de la cookie<\/th><td>6 meses<\/td><\/tr><\/table><\/div><\/div>\n<p>&nbsp;<\/p>\n<h2><strong>MIS COOKIES ACTIVAS<\/strong><\/h2>\n<div class=\"BorlabsCookie\" data-borlabs-cookie-consent-history><div class=\"_brlbs-responsive-table\"><table class=\"_brlbs-table\"><thead><tr><th class=\"_brlbs-table-date\" scope=\"col\">Fecha<\/th><th class=\"_brlbs-table-version\" scope=\"col\">Versi\u00f3n<\/th><th class=\"_brlbs-table-consents\" scope=\"col\">Consentimientos<\/th><\/tr><\/thead><\/table><\/div><\/div>\n<p>&nbsp;<\/p>\n<a href=\"#\" class=\"borlabs-cookie-preference\">Cambiar configuraci\u00f3n de cookies<\/a>\n<h1><\/h1>\n<h2>GALLETAS<\/h2>\n<p>para hacer el <a href=\"https:\/\/www.ist2000.com\/es\/\">nuestro sitio<\/a> m\u00e1s f\u00e1cil e intuitivo hacemos uso de las cookies. Las cookies son peque\u00f1os fragmentos de datos que nos permiten comparar visitantes nuevos y anteriores y comprender c\u00f3mo los usuarios navegan por nuestro sitio. Utilizamos los datos recopilados a trav\u00e9s de las cookies para hacer que la experiencia de navegaci\u00f3n sea m\u00e1s agradable y eficiente en el futuro.<br \/>\nLas cookies no registran ninguna informaci\u00f3n personal sobre un usuario y no se almacenar\u00e1 ning\u00fan dato identificable. Si desea deshabilitar el uso de cookies, debe personalizar la configuraci\u00f3n de su computadora configurando la eliminaci\u00f3n de todas las cookies o activando un mensaje de advertencia cuando se almacenan cookies. Para continuar sin modificar la aplicaci\u00f3n de cookies, simplemente contin\u00fae navegando.<br \/>\nVisite AboutCookies.org para obtener m\u00e1s informaci\u00f3n sobre las cookies y c\u00f3mo afectan su experiencia de navegaci\u00f3n.<\/p>\n<h3>Los tipos de cookies que utilizamos:<\/h3>\n<p><em><strong>Galletas esenciales<\/strong><\/em><br \/>\nEstas cookies son esenciales para permitirle moverse por el sitio y hacer un uso completo de sus funciones, como acceder a las diversas \u00e1reas protegidas del sitio. Sin estas cookies, algunos servicios necesarios, como completar un formulario para un concurso, no se pueden utilizar.<\/p>\n<p><em><strong>Cookie de rendimiento<\/strong><\/em><br \/>\nEstas cookies recopilan informaci\u00f3n sobre c\u00f3mo los usuarios utilizan un sitio web, por ejemplo, qu\u00e9 p\u00e1ginas son las m\u00e1s visitadas, si recibe mensajes de error de las p\u00e1ginas web. Estas cookies no recopilan informaci\u00f3n que identifique a un visitante. Toda la informaci\u00f3n recopilada a trav\u00e9s de las cookies es agregada y, por lo tanto, an\u00f3nima. Se utilizan \u00fanicamente para mejorar el funcionamiento de un sitio web. Al utilizar nuestro sitio, el usuario acepta que estas cookies se puedan instalar en su dispositivo.<\/p>\n<p><em><strong>Cookies de funcionalidad<\/strong><\/em><br \/>\nLas cookies permiten que el sitio recuerde las elecciones realizadas por el usuario (como el nombre, el idioma o la regi\u00f3n de origen) y proporciona funciones avanzadas personalizadas. Estas cookies tambi\u00e9n se pueden usar para recordar los cambios realizados en el tama\u00f1o del texto, las fuentes y otras partes de las p\u00e1ginas web que se pueden personalizar. Tambi\u00e9n se pueden utilizar para proporcionar servicios que haya solicitado, como ver un video o comentar en un blog. La informaci\u00f3n recopilada por este tipo de cookies puede hacerse an\u00f3nima y no permitir el seguimiento de su actividad de navegaci\u00f3n en otros sitios web. Al utilizar nuestro sitio, el usuario acepta que estas cookies se puedan instalar en su dispositivo.<\/p>\n<h3>C\u00f3mo gestionar las cookies en tu PC<\/h3>\n<p>Si desea permitir las cookies de nuestro sitio, siga los pasos a continuaci\u00f3n,<\/p>\n<p><strong>Google Chrome<\/strong><br \/>\n1. Haga clic en &quot;Herramientas&quot; en la parte superior de la ventana del navegador y seleccione Opciones<br \/>\n2. Haga clic en la pesta\u00f1a &#039;Under the Hood&#039;, busque la secci\u00f3n &#039;Privacidad&#039; y seleccione el bot\u00f3n &quot;Configuraci\u00f3n de contenido&quot;.<br \/>\n3. Ahora seleccione &#039;Permitir que se establezcan datos locales&#039;<\/p>\n<p><strong>Microsoft Internet Explorer 6.0, 7.0, 8.0, 9.0<\/strong><br \/>\n1. Haga clic en &quot;Herramientas&quot; en la parte superior de la ventana de su navegador y seleccione &quot;Opciones de Internet&quot;, luego haga clic en la pesta\u00f1a &quot;Privacidad&quot;.<br \/>\n2. Para habilitar las cookies en su navegador, aseg\u00farese de que el nivel de privacidad est\u00e9 configurado en Medio o inferior.<br \/>\n3. Al configurar el nivel de privacidad por encima de Medio, deshabilitar\u00e1 el uso de cookies.<\/p>\n<p><strong>Mozilla Firefox<\/strong><br \/>\n1. Haga clic en &quot;Herramientas&quot; en la parte superior de la ventana del navegador y seleccione &quot;Opciones&quot;<br \/>\n2. Luego selecciona el \u00edcono de Privacidad<br \/>\n3. Haga clic en Cookies, luego seleccione &#039;permitir que los sitios usen cookies&#039;<\/p>\n<p><strong>Safari<\/strong><br \/>\n1. Haga clic en el \u00edcono Cog en la parte superior de la ventana de su navegador y seleccione la opci\u00f3n &quot;Preferencias&quot;<br \/>\n2. Pulsa en &#039;Seguridad&#039;, selecciona la opci\u00f3n que dice &#039;Bloquear cookies de terceros y publicidad&#039;<br \/>\n3. Haga clic en &#039;Guardar&#039;<\/p>\n<h3>C\u00f3mo administrar las cookies en Mac<\/h3>\n<p>Si desea permitir las cookies de nuestro sitio, siga los pasos a continuaci\u00f3n:<\/p>\n<p><strong>Microsoft Internet Explorer 5.0 en OSX<\/strong><br \/>\n1. Haga clic en &#039;Explorador&#039; en la parte superior de la ventana de su navegador y seleccione la opci\u00f3n &quot;Preferencias&quot;<br \/>\n2. Despl\u00e1cese hacia abajo hasta que vea &quot;Cookies&quot; en la secci\u00f3n Archivo de recepci\u00f3n<br \/>\n3. Seleccione la opci\u00f3n &#039;No preguntar&#039;<\/p>\n<p><strong>Safari en OSX<\/strong><br \/>\n1. Haga clic en &#039;Safari&#039; en la parte superior de la ventana de su navegador y seleccione la opci\u00f3n &quot;Preferencias&quot;<br \/>\n2. Haga clic en &#039;Seguridad&#039; y luego en &#039;Aceptar cookies&#039;<br \/>\n3. Seleccione &quot;Solo desde el sitio&quot;<\/p>\n<p><strong>Mozilla y Netscape en OSX<\/strong><br \/>\n1. Haga clic en &#039;Mozilla&#039; o &#039;Netscape&#039; en la parte superior de la ventana de su navegador y seleccione la opci\u00f3n &quot;Preferencias&quot;<br \/>\n2. Despl\u00e1cese hacia abajo hasta que vea las cookies en &#039;Privacidad y seguridad&#039;<br \/>\n3. Seleccione &#039;Habilitar cookies solo para el sitio de origen&#039;<\/p>\n<p><strong>\u00d3pera<\/strong><br \/>\n1. Haga clic en &#039;Men\u00fa&#039; en la parte superior de la ventana de su navegador y seleccione &quot;Configuraci\u00f3n&quot;<br \/>\n2. Luego seleccione &quot;Preferencias&quot;, seleccione la pesta\u00f1a &quot;Avanzado&quot;<br \/>\n3. A continuaci\u00f3n, seleccione la opci\u00f3n &#039;Aceptar cookies&#039;<\/p>\n<h2>Google analitico<\/h2>\n<p>Este sitio web utiliza Google Analytics, un servicio de an\u00e1lisis web proporcionado por Google, Inc. (&quot;Google&quot;). Google Analytics utiliza &quot;cookies&quot;, que son archivos de texto colocados en su computadora para permitir que el sitio web analice c\u00f3mo los usuarios usan el sitio. La informaci\u00f3n que genera la cookie acerca de su uso del sitio web (incluyendo su direcci\u00f3n IP an\u00f3nima) ser\u00e1 transmitida y almacenada en los servidores de Google en Estados Unidos. Google utilizar\u00e1 esta informaci\u00f3n con el fin de examinar su uso del sitio web, compilar informes sobre la actividad del sitio web para los operadores del sitio web y proporcionar otros servicios relacionados con la actividad del sitio web y el uso de Internet. Google tambi\u00e9n puede transferir esta informaci\u00f3n a terceros cuando as\u00ed se lo requiera la ley o cuando dichos terceros procesen la informaci\u00f3n antes mencionada en nombre de Google. Google no asociar\u00e1 su direcci\u00f3n IP con ning\u00fan otro dato del que disponga Google. Puede rechazar el uso de cookies seleccionando la configuraci\u00f3n adecuada en su navegador, pero tenga en cuenta que, si lo hace, es posible que no pueda utilizar todas las funciones de este sitio web. Al utilizar este sitio web, consientes el tratamiento de tus datos por Google en la forma y para los fines arriba indicados.<br \/>\nPuede evitar que Google detecte una cookie que se genera debido y est\u00e1 relacionada con su uso de este sitio web (incluida su direcci\u00f3n IP) y el procesamiento de dichos datos descargando e instalando este complemento del navegador:<a href=\"http:\/\/tools.google.com\/dlpage\/gaoptout?hl=en\" target=\"_blank\" rel=\"noopener\">http:\/\/tools.google.com\/dlpage\/gaoptout?hl=en<\/a><\/p>","protected":false},"excerpt":{"rendered":"<p>COOKIES EN ESTE SITIO MIS COOKIES ACTIVAS COOKIES Utilizamos cookies para hacer nuestro sitio m\u00e1s f\u00e1cil e intuitivo. Las galletas son porciones peque\u00f1as\u2026<\/p>","protected":false},"author":3,"featured_media":0,"parent":0,"menu_order":0,"comment_status":"closed","ping_status":"closed","template":"","meta":{"footnotes":""},"class_list":["post-198","page","type-page","status-publish"],"_links":{"self":[{"href":"https:\/\/www.ist2000.com\/es\/wp-json\/wp\/v2\/pages\/198","targetHints":{"allow":["GET"]}}],"collection":[{"href":"https:\/\/www.ist2000.com\/es\/wp-json\/wp\/v2\/pages"}],"about":[{"href":"https:\/\/www.ist2000.com\/es\/wp-json\/wp\/v2\/types\/page"}],"author":[{"embeddable":true,"href":"https:\/\/www.ist2000.com\/es\/wp-json\/wp\/v2\/users\/3"}],"replies":[{"embeddable":true,"href":"https:\/\/www.ist2000.com\/es\/wp-json\/wp\/v2\/comments?post=198"}],"version-history":[{"count":4,"href":"https:\/\/www.ist2000.com\/es\/wp-json\/wp\/v2\/pages\/198\/revisions"}],"predecessor-version":[{"id":501,"href":"https:\/\/www.ist2000.com\/es\/wp-json\/wp\/v2\/pages\/198\/revisions\/501"}],"wp:attachment":[{"href":"https:\/\/www.ist2000.com\/es\/wp-json\/wp\/v2\/media?parent=198"}],"curies":[{"name":"wp","href":"https:\/\/api.w.org\/{rel}","templated":true}]}}