{"id":317,"date":"2022-03-22T11:58:48","date_gmt":"2022-03-22T10:58:48","guid":{"rendered":"https:\/\/www.ist2000.com\/?page_id=317"},"modified":"2024-03-07T15:30:22","modified_gmt":"2024-03-07T14:30:22","slug":"caffe","status":"publish","type":"page","link":"https:\/\/www.ist2000.com\/de\/caffe\/","title":{"rendered":"Kaffee"},"content":{"rendered":"<div id=\"fws_69f613ad42381\"  data-column-margin=\"default\" data-midnight=\"dark\"  class=\"wpb_row vc_row-fluid vc_row full-width-content vc_row-o-equal-height vc_row-flex vc_row-o-content-middle\"  style=\"padding-top: 0px; padding-bottom: 0px; \"><div class=\"row-bg-wrap\" data-bg-animation=\"none\" data-bg-animation-delay=\"\" data-bg-overlay=\"false\"><div class=\"inner-wrap row-bg-layer\" ><div class=\"row-bg viewport-desktop\"  style=\"\"><\/div><\/div><\/div><div class=\"row_col_wrap_12 col span_12 dark left\">\n\t<div  class=\"vc_col-sm-6 wpb_column column_container vc_column_container col padding-5-percent inherit_tablet inherit_phone\"  data-padding-pos=\"all\" data-has-bg-color=\"false\" data-bg-color=\"\" data-bg-opacity=\"1\" data-animation=\"\" data-delay=\"0\" >\n\t\t<div class=\"vc_column-inner\" >\n\t\t\t<div class=\"wpb_wrapper\">\n\t\t\t\t<div id=\"fws_69f613ad42c1b\" data-midnight=\"\" data-column-margin=\"default\" class=\"wpb_row vc_row-fluid vc_row inner_row\"  style=\"\"><div class=\"row-bg-wrap\"> <div class=\"row-bg\" ><\/div> <\/div><div class=\"row_col_wrap_12_inner col span_12  left\">\n\t<div  class=\"vc_col-sm-12 wpb_column column_container vc_column_container col child_column padding-2-percent inherit_tablet inherit_phone\"   data-padding-pos=\"all\" data-has-bg-color=\"false\" data-bg-color=\"\" data-bg-opacity=\"1\" data-animation=\"\" data-delay=\"0\" >\n\t\t<div class=\"vc_column-inner\" >\n\t\t<div class=\"wpb_wrapper\">\n\t\t\t<h3 style=\"color: #00787f;text-align: left\" class=\"vc_custom_heading vc_do_custom_heading\" >Kaffee<\/h3>\n<div class=\"wpb_text_column wpb_content_element\" >\n\t<div class=\"wpb_wrapper\">\n\t\t<p>Der Sortierer<strong> Infinity Plus<\/strong> wirkt auf Roh- oder Rohkaffee, um Schadstoffe wie Cocchetti, Holzst\u00fccke, Steine und wei\u00dfe Bohnen zu entfernen oder auf R\u00f6stkaffee, um sowohl angebrannte als auch nicht perfekt ger\u00f6stete Bohnen zu isolieren.<\/p>\n\t<\/div>\n<\/div>\n\n\n\n\n\t\t<\/div> \n\t<\/div>\n\t<\/div> \n<\/div><\/div><div id=\"fws_69f613ad43785\" data-midnight=\"\" data-column-margin=\"default\" class=\"wpb_row vc_row-fluid vc_row inner_row\"  style=\"\"><div class=\"row-bg-wrap\"> <div class=\"row-bg\" ><\/div> <\/div><div class=\"row_col_wrap_12_inner col span_12  left\">\n\t<div  class=\"vc_col-sm-6 wpb_column column_container vc_column_container col child_column padding-2-percent inherit_tablet inherit_phone\"   data-padding-pos=\"all\" data-has-bg-color=\"false\" data-bg-color=\"\" data-bg-opacity=\"1\" data-animation=\"\" data-delay=\"0\" >\n\t\t<div class=\"vc_column-inner\" >\n\t\t<div class=\"wpb_wrapper\">\n\t\t\t<div class=\"img-with-aniamtion-wrap center\" data-max-width=\"100%\" data-max-width-mobile=\"default\" data-shadow=\"none\" data-animation=\"fade-in\" >\n      <div class=\"inner\">\n        <div class=\"hover-wrap\"> \n          <div class=\"hover-wrap-inner\">\n            <a href=\"https:\/\/www.ist2000.com\/wp-content\/uploads\/2022\/04\/caffe-buono-ist.jpg\" class=\"pp center\">\n              <img loading=\"lazy\" decoding=\"async\" class=\"img-with-animation skip-lazy\" data-delay=\"0\" height=\"490\" width=\"656\" data-animation=\"fade-in\" src=\"https:\/\/www.ist2000.com\/wp-content\/uploads\/2022\/04\/caffe-buono-ist.jpg\" alt=\"Selezione caff\u00e8 - pagina Caff\u00e9\" srcset=\"https:\/\/www.ist2000.com\/wp-content\/uploads\/2022\/04\/caffe-buono-ist.jpg 656w, https:\/\/www.ist2000.com\/wp-content\/uploads\/2022\/04\/caffe-buono-ist-300x224.jpg 300w\" sizes=\"auto, (max-width: 656px) 100vw, 656px\" \/>\n            <\/a>\n          <\/div>\n        <\/div>\n      <\/div>\n      <\/div><div class=\"divider-wrap\" data-alignment=\"default\"><div style=\"height: 15px;\" class=\"divider\"><\/div><\/div>\n<div class=\"wpb_text_column wpb_content_element\" >\n\t<div class=\"wpb_wrapper\">\n\t\t<h4 style=\"text-align: center;\">Auswahl an Rohkaffee<\/h4>\n\t<\/div>\n<\/div>\n\n\n\n\n\t\t<\/div> \n\t<\/div>\n\t<\/div> \n\n\t<div  class=\"vc_col-sm-6 wpb_column column_container vc_column_container col child_column padding-2-percent inherit_tablet inherit_phone\"   data-padding-pos=\"all\" data-has-bg-color=\"false\" data-bg-color=\"\" data-bg-opacity=\"1\" data-animation=\"\" data-delay=\"0\" >\n\t\t<div class=\"vc_column-inner\" >\n\t\t<div class=\"wpb_wrapper\">\n\t\t\t<div class=\"img-with-aniamtion-wrap center\" data-max-width=\"100%\" data-max-width-mobile=\"default\" data-shadow=\"none\" data-animation=\"fade-in\" >\n      <div class=\"inner\">\n        <div class=\"hover-wrap\"> \n          <div class=\"hover-wrap-inner\">\n            <a href=\"https:\/\/www.ist2000.com\/wp-content\/uploads\/2022\/04\/caffe-scarto-ist.jpg\" class=\"pp center\">\n              <img loading=\"lazy\" decoding=\"async\" class=\"img-with-animation skip-lazy\" data-delay=\"0\" height=\"490\" width=\"656\" data-animation=\"fade-in\" src=\"https:\/\/www.ist2000.com\/wp-content\/uploads\/2022\/04\/caffe-scarto-ist.jpg\" alt=\"Scarto caff\u00e8 - pagina Caff\u00e9\" srcset=\"https:\/\/www.ist2000.com\/wp-content\/uploads\/2022\/04\/caffe-scarto-ist.jpg 656w, https:\/\/www.ist2000.com\/wp-content\/uploads\/2022\/04\/caffe-scarto-ist-300x224.jpg 300w\" sizes=\"auto, (max-width: 656px) 100vw, 656px\" \/>\n            <\/a>\n          <\/div>\n        <\/div>\n      <\/div>\n      <\/div><div class=\"divider-wrap\" data-alignment=\"default\"><div style=\"height: 15px;\" class=\"divider\"><\/div><\/div>\n<div class=\"wpb_text_column wpb_content_element\" >\n\t<div class=\"wpb_wrapper\">\n\t\t<h4 style=\"text-align: center;\">Kaffeeabf\u00e4lle<\/h4>\n\t<\/div>\n<\/div>\n\n\n\n\n\t\t<\/div> \n\t<\/div>\n\t<\/div> \n<\/div><\/div><div id=\"fws_69f613ad44f16\" data-midnight=\"\" data-column-margin=\"default\" class=\"wpb_row vc_row-fluid vc_row inner_row\"  style=\"\"><div class=\"row-bg-wrap\"> <div class=\"row-bg\" ><\/div> <\/div><div class=\"row_col_wrap_12_inner col span_12  left\">\n\t<div  class=\"vc_col-sm-6 wpb_column column_container vc_column_container col child_column padding-2-percent inherit_tablet inherit_phone\"   data-padding-pos=\"all\" data-has-bg-color=\"false\" data-bg-color=\"\" data-bg-opacity=\"1\" data-animation=\"\" data-delay=\"0\" >\n\t\t<div class=\"vc_column-inner\" >\n\t\t<div class=\"wpb_wrapper\">\n\t\t\t<div class=\"img-with-aniamtion-wrap center\" data-max-width=\"100%\" data-max-width-mobile=\"default\" data-shadow=\"none\" data-animation=\"fade-in\" >\n      <div class=\"inner\">\n        <div class=\"hover-wrap\"> \n          <div class=\"hover-wrap-inner\">\n            <a href=\"https:\/\/www.ist2000.com\/wp-content\/uploads\/2024\/03\/CAFFE-TOSTATO-BUONO.jpg\" class=\"pp center\">\n              <img loading=\"lazy\" decoding=\"async\" class=\"img-with-animation skip-lazy\" data-delay=\"0\" height=\"720\" width=\"580\" data-animation=\"fade-in\" src=\"https:\/\/www.ist2000.com\/wp-content\/uploads\/2024\/03\/CAFFE-TOSTATO-BUONO.jpg\" alt=\"\" srcset=\"https:\/\/www.ist2000.com\/wp-content\/uploads\/2024\/03\/CAFFE-TOSTATO-BUONO.jpg 580w, https:\/\/www.ist2000.com\/wp-content\/uploads\/2024\/03\/CAFFE-TOSTATO-BUONO-242x300.jpg 242w, https:\/\/www.ist2000.com\/wp-content\/uploads\/2024\/03\/CAFFE-TOSTATO-BUONO-10x12.jpg 10w\" sizes=\"auto, (max-width: 580px) 100vw, 580px\" \/>\n            <\/a>\n          <\/div>\n        <\/div>\n      <\/div>\n      <\/div><div class=\"divider-wrap\" data-alignment=\"default\"><div style=\"height: 15px;\" class=\"divider\"><\/div><\/div>\n<div class=\"wpb_text_column wpb_content_element\" >\n\t<div class=\"wpb_wrapper\">\n\t\t<h4 style=\"text-align: center;\">Auswahl an ger\u00f6steten Kaffeesorten<\/h4>\n\t<\/div>\n<\/div>\n\n\n\n\n\t\t<\/div> \n\t<\/div>\n\t<\/div> \n\n\t<div  class=\"vc_col-sm-6 wpb_column column_container vc_column_container col child_column padding-2-percent inherit_tablet inherit_phone\"   data-padding-pos=\"all\" data-has-bg-color=\"false\" data-bg-color=\"\" data-bg-opacity=\"1\" data-animation=\"\" data-delay=\"0\" >\n\t\t<div class=\"vc_column-inner\" >\n\t\t<div class=\"wpb_wrapper\">\n\t\t\t<div class=\"img-with-aniamtion-wrap center\" data-max-width=\"100%\" data-max-width-mobile=\"default\" data-shadow=\"none\" data-animation=\"fade-in\" >\n      <div class=\"inner\">\n        <div class=\"hover-wrap\"> \n          <div class=\"hover-wrap-inner\">\n            <a href=\"https:\/\/www.ist2000.com\/wp-content\/uploads\/2024\/03\/IMG_2360-scaled.jpg\" class=\"pp center\">\n              <img loading=\"lazy\" decoding=\"async\" class=\"img-with-animation skip-lazy\" data-delay=\"0\" height=\"2560\" width=\"2483\" data-animation=\"fade-in\" src=\"https:\/\/www.ist2000.com\/wp-content\/uploads\/2024\/03\/IMG_2360-scaled.jpg\" alt=\"\" srcset=\"https:\/\/www.ist2000.com\/wp-content\/uploads\/2024\/03\/IMG_2360-scaled.jpg 2483w, https:\/\/www.ist2000.com\/wp-content\/uploads\/2024\/03\/IMG_2360-291x300.jpg 291w, https:\/\/www.ist2000.com\/wp-content\/uploads\/2024\/03\/IMG_2360-993x1024.jpg 993w, https:\/\/www.ist2000.com\/wp-content\/uploads\/2024\/03\/IMG_2360-768x792.jpg 768w, https:\/\/www.ist2000.com\/wp-content\/uploads\/2024\/03\/IMG_2360-1490x1536.jpg 1490w, https:\/\/www.ist2000.com\/wp-content\/uploads\/2024\/03\/IMG_2360-1987x2048.jpg 1987w, https:\/\/www.ist2000.com\/wp-content\/uploads\/2024\/03\/IMG_2360-12x12.jpg 12w\" sizes=\"auto, (max-width: 2483px) 100vw, 2483px\" \/>\n            <\/a>\n          <\/div>\n        <\/div>\n      <\/div>\n      <\/div><div class=\"divider-wrap\" data-alignment=\"default\"><div style=\"height: 15px;\" class=\"divider\"><\/div><\/div>\n<div class=\"wpb_text_column wpb_content_element\" >\n\t<div class=\"wpb_wrapper\">\n\t\t<h4 style=\"text-align: center;\">Verunreinigungen und Fremdk\u00f6rper<\/h4>\n\t<\/div>\n<\/div>\n\n\n\n\n\t\t<\/div> \n\t<\/div>\n\t<\/div> \n<\/div><\/div>\n\t\t\t<\/div> \n\t\t<\/div>\n\t<\/div> \n\n\t<div  class=\"vc_col-sm-6 wpb_column column_container vc_column_container col padding-3-percent inherit_tablet inherit_phone\"  data-padding-pos=\"all\" data-has-bg-color=\"false\" data-bg-color=\"\" data-bg-opacity=\"1\" data-animation=\"\" data-delay=\"0\" >\n\t\t<div class=\"vc_column-inner\" >\n\t\t\t<div class=\"wpb_wrapper\">\n\t\t\t\t\n\t<div class=\"wpb_video_widget wpb_content_element vc_clearfix   vc_video-aspect-ratio-169 vc_video-el-width-100 vc_video-align-center\" >\n\t\t<div class=\"wpb_wrapper\">\n\t\t\t\n\t\t\t<div class=\"wpb_video_wrapper\"><div class=\"BorlabsCookie _brlbs-cb-youtube\"><div class=\"_brlbs-content-blocker\"> <div class=\"_brlbs-embed _brlbs-video-youtube\"> <img decoding=\"async\" class=\"_brlbs-thumbnail\" src=\"https:\/\/www.ist2000.com\/wp-content\/plugins\/borlabs-cookie\/assets\/images\/cb-no-thumbnail.png\" alt=\"YouTube\"> <div class=\"_brlbs-caption\"> <p>Mit dem Hochladen des Videos stimmen Sie der Datenschutzerkl\u00e4rung von YouTube zu.<br><a href=\"https:\/\/policies.google.com\/privacy?hl=en&amp;gl=en\" target=\"_blank\" rel=\"nofollow noopener noreferrer\">Finde mehr heraus<\/a><\/p> <p><a class=\"_brlbs-btn _brlbs-icon-play-white\" href=\"#\" data-borlabs-cookie-unblock role=\"button\">Laden Sie das Video hoch<\/a><\/p> <p><label><input type=\"checkbox\" name=\"unblockAll\" value=\"1\" checked> <small>YouTube immer entsperren<\/small><\/label><\/p> <\/div> <\/div> <\/div><div class=\"borlabs-hide\" data-borlabs-cookie-type=\"content-blocker\" data-borlabs-cookie-id=\"youtube\"><script type=\"text\/template\">PGlmcmFtZSB0aXRsZT0iQ29mZmVlIHNvcnRpbmciIHdpZHRoPSI1MDAiIGhlaWdodD0iMjgxIiBzcmM9Imh0dHBzOi8vd3d3LnlvdXR1YmUtbm9jb29raWUuY29tL2VtYmVkL1lDd1BmMjQyaS1BP2ZlYXR1cmU9b2VtYmVkIiBmcmFtZWJvcmRlcj0iMCIgYWxsb3c9ImFjY2VsZXJvbWV0ZXI7IGF1dG9wbGF5OyBjbGlwYm9hcmQtd3JpdGU7IGVuY3J5cHRlZC1tZWRpYTsgZ3lyb3Njb3BlOyBwaWN0dXJlLWluLXBpY3R1cmU7IHdlYi1zaGFyZSIgcmVmZXJyZXJwb2xpY3k9InN0cmljdC1vcmlnaW4td2hlbi1jcm9zcy1vcmlnaW4iIGFsbG93ZnVsbHNjcmVlbj48L2lmcmFtZT4=<\/script><\/div><\/div><\/div>\n\t\t<\/div>\n\t<\/div>\n\n\t\t\t<\/div> \n\t\t<\/div>\n\t<\/div> \n<\/div><\/div>","protected":false},"excerpt":{"rendered":"Kaffee Der Sortierer Infinity Plus arbeitet mit Roh- oder Rohkaffee, um Schadstoffe wie Cocchetti, Holzst\u00fccke, Steine und Bianconi zu entfernen, oder mit ger\u00f6stetem Kaffee, um...","protected":false},"author":3,"featured_media":0,"parent":0,"menu_order":0,"comment_status":"closed","ping_status":"closed","template":"","meta":{"footnotes":""},"class_list":["post-317","page","type-page","status-publish"],"_links":{"self":[{"href":"https:\/\/www.ist2000.com\/de\/wp-json\/wp\/v2\/pages\/317","targetHints":{"allow":["GET"]}}],"collection":[{"href":"https:\/\/www.ist2000.com\/de\/wp-json\/wp\/v2\/pages"}],"about":[{"href":"https:\/\/www.ist2000.com\/de\/wp-json\/wp\/v2\/types\/page"}],"author":[{"embeddable":true,"href":"https:\/\/www.ist2000.com\/de\/wp-json\/wp\/v2\/users\/3"}],"replies":[{"embeddable":true,"href":"https:\/\/www.ist2000.com\/de\/wp-json\/wp\/v2\/comments?post=317"}],"version-history":[{"count":11,"href":"https:\/\/www.ist2000.com\/de\/wp-json\/wp\/v2\/pages\/317\/revisions"}],"predecessor-version":[{"id":798,"href":"https:\/\/www.ist2000.com\/de\/wp-json\/wp\/v2\/pages\/317\/revisions\/798"}],"wp:attachment":[{"href":"https:\/\/www.ist2000.com\/de\/wp-json\/wp\/v2\/media?parent=317"}],"curies":[{"name":"wp","href":"https:\/\/api.w.org\/{rel}","templated":true}]}}