{"id":24,"date":"2021-09-23T08:37:49","date_gmt":"2021-09-23T06:37:49","guid":{"rendered":"https:\/\/www.ist2000.com\/?page_id=24"},"modified":"2025-05-08T09:19:52","modified_gmt":"2025-05-08T07:19:52","slug":"azienda","status":"publish","type":"page","link":"https:\/\/www.ist2000.com\/de\/azienda\/","title":{"rendered":"Unternehmen"},"content":{"rendered":"<div id=\"fws_69f6038c847b8\"  data-column-margin=\"default\" data-midnight=\"dark\"  class=\"wpb_row vc_row-fluid vc_row full-width-content vc_row-o-equal-height vc_row-flex vc_row-o-content-middle\"  style=\"padding-top: 0px; padding-bottom: 0px; \"><div class=\"row-bg-wrap\" data-bg-animation=\"none\" data-bg-animation-delay=\"\" data-bg-overlay=\"false\"><div class=\"inner-wrap row-bg-layer\" ><div class=\"row-bg viewport-desktop using-bg-color\"  style=\"background-color: #ffffff; \"><\/div><\/div><\/div><div class=\"row_col_wrap_12 col span_12 dark left\">\n\t<div  class=\"vc_col-sm-6 wpb_column column_container vc_column_container col padding-5-percent inherit_tablet inherit_phone\"  data-padding-pos=\"all\" data-has-bg-color=\"false\" data-bg-color=\"\" data-bg-opacity=\"1\" data-animation=\"\" data-delay=\"0\" >\n\t\t<div class=\"vc_column-inner\" >\n\t\t\t<div class=\"wpb_wrapper\">\n\t\t\t\t<div id=\"fws_69f6038c85060\" data-midnight=\"\" data-column-margin=\"default\" class=\"wpb_row vc_row-fluid vc_row inner_row\"  style=\"\"><div class=\"row-bg-wrap\"> <div class=\"row-bg\" ><\/div> <\/div><div class=\"row_col_wrap_12_inner col span_12  left\">\n\t<div  class=\"vc_col-sm-12 wpb_column column_container vc_column_container col child_column has-animation no-extra-padding inherit_tablet inherit_phone\"   data-padding-pos=\"all\" data-has-bg-color=\"false\" data-bg-color=\"\" data-bg-opacity=\"1\" data-animation=\"fade-in-from-bottom\" data-delay=\"0\" >\n\t\t<div class=\"vc_column-inner\" >\n\t\t<div class=\"wpb_wrapper\">\n\t\t\t<h5 style=\"color: #00787f;text-align: left\" class=\"vc_custom_heading vc_do_custom_heading\" >Wer wir sind<\/h5><h2 style=\"text-align: left\" class=\"vc_custom_heading vc_do_custom_heading\" >Die Firma<\/h2>\n<div class=\"wpb_text_column wpb_content_element  vc_custom_1705999378425\" >\n\t<div class=\"wpb_wrapper\">\n\t\t<p><strong>IST Italian Sorting Technologies <\/strong>ist ein stolzes Unternehmen Made in Italy, das entwirft und baut <strong>OPTISCHE ELEKTRONISCHE SORTIERMASCHINEN<\/strong> der neuesten Generation f\u00fcr die Sortierung und Selektion von trockenen und k\u00f6rnigen Produkten jeglicher Art wie Getreide, H\u00fclsenfr\u00fcchte, Samen, Trockenfr\u00fcchte, Trockenfr\u00fcchte, Kastanien, Mineralien sowie wiederverwertbare Materialien wie Kunststoffflocken und -granulate, Metalle usw.<\/p>\n<p>IST bietet eine breite Palette von Modellen an, die jeweils speziell auf die Eigenschaften des auszuw\u00e4hlenden Produkts abgestimmt sind. Jeder Designaspekt der Sortierer, sowohl aus mechanischer als auch aus softwaretechnischer Sicht, wird bei 100% von unseren B\u00fcros ausgef\u00fchrt. <strong>Forschung und Entwicklung<\/strong> die in der Lage sind, h\u00e4ufige Updates zu erstellen, die immer abw\u00e4rtskompatibel mit Vorg\u00e4ngermodellen sind.<\/p>\n\t<\/div>\n<\/div>\n\n\n\n\n\t\t<\/div> \n\t<\/div>\n\t<\/div> \n<\/div><\/div>\n\t\t\t<\/div> \n\t\t<\/div>\n\t<\/div> \n\n\t<div style=\"\" class=\"vc_col-sm-6 wpb_column column_container vc_column_container col no-extra-padding inherit_tablet inherit_phone\" data-using-bg=\"true\" data-bg-cover=\"true\" data-padding-pos=\"all\" data-has-bg-color=\"false\" data-bg-color=\"\" data-bg-opacity=\"1\" data-animation=\"\" data-delay=\"0\" >\n\t\t<div class=\"vc_column-inner\" ><div class=\"column-image-bg-wrap column-bg-layer viewport-desktop\" data-bg-pos=\"center center\" data-bg-animation=\"none\" data-bg-overlay=\"false\"><div class=\"inner-wrap\"><div class=\"column-image-bg\" style=\" background-image: url('https:\/\/www.ist2000.com\/wp-content\/uploads\/2025\/05\/Foto-Ingresso-IST-scaled.jpg'); \"><\/div><\/div><\/div>\n\t\t\t<div class=\"wpb_wrapper\">\n\t\t\t\t\n\t\t\t<\/div> \n\t\t<\/div>\n\t<\/div> \n<\/div><\/div>\n\t\t<div id=\"fws_69f6038c86610\"  data-column-margin=\"default\" data-midnight=\"dark\"  class=\"wpb_row vc_row-fluid vc_row full-width-content vc_row-o-equal-height vc_row-flex vc_row-o-content-middle\"  style=\"padding-top: 0px; padding-bottom: 0px; \"><div class=\"row-bg-wrap\" data-bg-animation=\"none\" data-bg-animation-delay=\"\" data-bg-overlay=\"false\"><div class=\"inner-wrap row-bg-layer\" ><div class=\"row-bg viewport-desktop\"  style=\"\"><\/div><\/div><\/div><div class=\"row_col_wrap_12 col span_12 dark left\">\n\t<div  class=\"vc_col-sm-6 wpb_column column_container vc_column_container col no-extra-padding inherit_tablet inherit_phone\"  data-padding-pos=\"all\" data-has-bg-color=\"false\" data-bg-color=\"\" data-bg-opacity=\"1\" data-animation=\"\" data-delay=\"0\" >\n\t\t<div class=\"vc_column-inner\" >\n\t\t\t<div class=\"wpb_wrapper\">\n\t\t\t\t<div class=\"img-with-aniamtion-wrap center\" data-max-width=\"100%\" data-max-width-mobile=\"default\" data-shadow=\"none\" data-animation=\"none\" >\n      <div class=\"inner\">\n        <div class=\"hover-wrap\"> \n          <div class=\"hover-wrap-inner\">\n            <img loading=\"lazy\" decoding=\"async\" class=\"img-with-animation skip-lazy\" data-delay=\"0\" height=\"1091\" width=\"1079\" data-animation=\"none\" src=\"https:\/\/www.ist2000.com\/wp-content\/uploads\/2021\/11\/infinity-plus-modelli-ist.jpg\" alt=\"IST selezionatrice - pagina Azienda\" srcset=\"https:\/\/www.ist2000.com\/wp-content\/uploads\/2021\/11\/infinity-plus-modelli-ist.jpg 1079w, https:\/\/www.ist2000.com\/wp-content\/uploads\/2021\/11\/infinity-plus-modelli-ist-297x300.jpg 297w, https:\/\/www.ist2000.com\/wp-content\/uploads\/2021\/11\/infinity-plus-modelli-ist-1013x1024.jpg 1013w, https:\/\/www.ist2000.com\/wp-content\/uploads\/2021\/11\/infinity-plus-modelli-ist-768x777.jpg 768w, https:\/\/www.ist2000.com\/wp-content\/uploads\/2021\/11\/infinity-plus-modelli-ist-100x100.jpg 100w\" sizes=\"auto, (max-width: 1079px) 100vw, 1079px\" \/>\n          <\/div>\n        <\/div>\n      <\/div>\n    <\/div>\n\t\t\t<\/div> \n\t\t<\/div>\n\t<\/div> \n\n\t<div style=\"\" class=\"vc_col-sm-6 wpb_column column_container vc_column_container col padding-9-percent inherit_tablet inherit_phone\" data-using-bg=\"true\" data-padding-pos=\"all\" data-has-bg-color=\"true\" data-bg-color=\"#ffffff\" data-bg-opacity=\"1\" data-animation=\"\" data-delay=\"0\" >\n\t\t<div class=\"vc_column-inner\" ><div class=\"column-bg-overlay-wrap column-bg-layer\" data-bg-animation=\"none\"><div class=\"column-bg-overlay\" style=\"opacity: 1; background-color: #ffffff;\"><\/div><\/div>\n\t\t\t<div class=\"wpb_wrapper\">\n\t\t\t\t<div id=\"fws_69f6038c87559\" data-midnight=\"\" data-column-margin=\"default\" class=\"wpb_row vc_row-fluid vc_row inner_row\"  style=\"\"><div class=\"row-bg-wrap\"> <div class=\"row-bg\" ><\/div> <\/div><div class=\"row_col_wrap_12_inner col span_12  left\">\n\t<div  class=\"vc_col-sm-12 wpb_column column_container vc_column_container col child_column has-animation no-extra-padding inherit_tablet inherit_phone\"   data-padding-pos=\"all\" data-has-bg-color=\"false\" data-bg-color=\"\" data-bg-opacity=\"1\" data-animation=\"fade-in-from-bottom\" data-delay=\"0\" >\n\t\t<div class=\"vc_column-inner\" >\n\t\t<div class=\"wpb_wrapper\">\n\t\t\t<h5 style=\"color: #00787f;text-align: left\" class=\"vc_custom_heading vc_do_custom_heading vc_custom_1705999520412\" >Neue Infinity Plus-Serie<\/h5><h2 style=\"text-align: left\" class=\"vc_custom_heading vc_do_custom_heading\" >Der intelligente Sortierer f\u00fcr Ihre Produkte<\/h2><div class=\"divider-wrap\" data-alignment=\"default\"><div style=\"height: 16px;\" class=\"divider\"><\/div><\/div>\n<div class=\"wpb_text_column wpb_content_element  vc_custom_1705999797578\" >\n\t<div class=\"wpb_wrapper\">\n\t\t<p>Die optischen Sortierer von Infinity Plus sind auf der Grundlage der Produkte konzipiert, mit denen sie arbeiten m\u00fcssen: F\u00fcr den Lebensmittelsektor ist das erste Ziel die Kontrolle und Identifizierung jeglicher Art von Fremdk\u00f6rpern, w\u00e4hrend f\u00fcr den gesamten Non-Food-Bereich wie z In den Bereichen Kunststoff, Mineralien und Metalle steht der Einsatz von Bildverarbeitungssystemen, die verschiedene Materialien unterscheiden k\u00f6nnen, an erster Stelle.<\/p>\n<p>Alle Sortierer werden nach 100% in Italien unter Verwendung von Materialien und Technologien von hergestellt <strong>ausschlie\u00dflich europ\u00e4ischer Herkunft<\/strong>, die eine Garantie daf\u00fcr sind<strong> Qualit\u00e4t und Zuverl\u00e4ssigkeit<\/strong>sowie die Gew\u00e4hrleistung der Verf\u00fcgbarkeit jedes Ersatzteils.<\/p>\n<p>IST ist ausgestattet mit einem<strong> Netzwerk von Technikern<\/strong> Wir sind bereit, f\u00fcr jede Art von Kundenbed\u00fcrfnissen einzugreifen, von der Erstellung neuer Arbeitsrezepte bis zur L\u00f6sung etwaiger technischer Probleme.<\/p>\n\t<\/div>\n<\/div>\n\n\n\n<a class=\"nectar-button large see-through-2\"  role=\"button\" style=\"margin-top: 30px; \"  href=\"https:\/\/www.ist2000.com\/de\/modelli\/\" data-color-override=\"false\" data-hover-color-override=\"false\" data-hover-text-color-override=\"#ffffff\"><span>Unsere Modelle<\/span><\/a>\n\t\t<\/div> \n\t<\/div>\n\t<\/div> \n<\/div><\/div>\n\t\t\t<\/div> \n\t\t<\/div>\n\t<\/div> \n<\/div><\/div>\n\t\t<div id=\"fws_69f6038c886bd\"  data-column-margin=\"default\" data-midnight=\"dark\" data-top-percent=\"5%\" data-bottom-percent=\"7%\"  class=\"wpb_row vc_row-fluid vc_row full-width-section\"  style=\"padding-top: calc(100vw * 0.05); padding-bottom: calc(100vw * 0.07); \"><div class=\"row-bg-wrap\" data-bg-animation=\"none\" data-bg-animation-delay=\"\" data-bg-overlay=\"false\"><div class=\"inner-wrap row-bg-layer using-image\" ><div class=\"row-bg viewport-desktop using-image\"  style=\"background-image: url(https:\/\/www.ist2000.com\/wp-content\/uploads\/2022\/01\/teleassistenza-ist-sort.jpg); background-position: right center; background-repeat: no-repeat; \"><\/div><\/div><\/div><div class=\"row_col_wrap_12 col span_12 dark left\">\n\t<div  class=\"vc_col-sm-3 wpb_column column_container vc_column_container col no-extra-padding inherit_tablet inherit_phone\"  data-padding-pos=\"all\" data-has-bg-color=\"false\" data-bg-color=\"\" data-bg-opacity=\"1\" data-animation=\"\" data-delay=\"0\" >\n\t\t<div class=\"vc_column-inner\" >\n\t\t\t<div class=\"wpb_wrapper\">\n\t\t\t\t\n<div class=\"wpb_text_column wpb_content_element\" >\n\t<div class=\"wpb_wrapper\">\n\t\t<h3><span style=\"color: #000000;\"><strong>FERNHILFE IN ECHTZEIT<\/strong><\/span><\/h3>\n<p class=\" translation-block\"><span style=\"color: #000000\">Ohne die Arbeitsumgebung verkabeln zu m\u00fcssen, kann der optische Sortierer mit dem Internet verbunden werden, sodass IST-Techniker aus der <strong>Ferne<\/strong> in die L\u00f6sung potenzieller Probleme eingreifen k\u00f6nnen, die vom Fehlererkennungssystem durch eine <strong>Selbstdiagnose<\/strong> der Maschine identifiziert werden.<\/span><\/p>\n<p><span style=\"color: #000000;\">Unsere Fernunterst\u00fctzung erfolgt in Echtzeit und erstreckt sich auch auf die Inbetriebnahme unseres Infinity Plus: F\u00fcr unser Team ist kein Weg un\u00fcberwindbar, wenn ein optischer Sortierer an das Netzwerk angeschlossen ist.<\/span><\/p>\n\t<\/div>\n<\/div>\n\n\n\n<div class=\"divider-wrap\" data-alignment=\"default\"><div style=\"height: 30px;\" class=\"divider\"><\/div><\/div>\n\t\t\t<\/div> \n\t\t<\/div>\n\t<\/div> \n\n\t<div  class=\"vc_col-sm-9 wpb_column column_container vc_column_container col no-extra-padding inherit_tablet inherit_phone\"  data-padding-pos=\"all\" data-has-bg-color=\"false\" data-bg-color=\"\" data-bg-opacity=\"1\" data-animation=\"\" data-delay=\"0\" >\n\t\t<div class=\"vc_column-inner\" >\n\t\t\t<div class=\"wpb_wrapper\">\n\t\t\t\t\n\t\t\t<\/div> \n\t\t<\/div>\n\t<\/div> \n<\/div><\/div>","protected":false},"excerpt":{"rendered":"Wer wir sind: Das Unternehmen IST Italian Sorting Technologies ist ein stolzes Unternehmen \u201eMade in Italy\u201c, das OPTISCH-ELEKTRONISCHE SORTIERMASCHINEN der neuesten Generation f\u00fcr die Sortierung und Auswahl von ... entwickelt und baut.","protected":false},"author":2,"featured_media":0,"parent":0,"menu_order":0,"comment_status":"closed","ping_status":"closed","template":"","meta":{"footnotes":""},"class_list":["post-24","page","type-page","status-publish"],"_links":{"self":[{"href":"https:\/\/www.ist2000.com\/de\/wp-json\/wp\/v2\/pages\/24","targetHints":{"allow":["GET"]}}],"collection":[{"href":"https:\/\/www.ist2000.com\/de\/wp-json\/wp\/v2\/pages"}],"about":[{"href":"https:\/\/www.ist2000.com\/de\/wp-json\/wp\/v2\/types\/page"}],"author":[{"embeddable":true,"href":"https:\/\/www.ist2000.com\/de\/wp-json\/wp\/v2\/users\/2"}],"replies":[{"embeddable":true,"href":"https:\/\/www.ist2000.com\/de\/wp-json\/wp\/v2\/comments?post=24"}],"version-history":[{"count":15,"href":"https:\/\/www.ist2000.com\/de\/wp-json\/wp\/v2\/pages\/24\/revisions"}],"predecessor-version":[{"id":811,"href":"https:\/\/www.ist2000.com\/de\/wp-json\/wp\/v2\/pages\/24\/revisions\/811"}],"wp:attachment":[{"href":"https:\/\/www.ist2000.com\/de\/wp-json\/wp\/v2\/media?parent=24"}],"curies":[{"name":"wp","href":"https:\/\/api.w.org\/{rel}","templated":true}]}}